{"id":5065,"date":"2021-06-07T15:03:32","date_gmt":"2021-06-07T13:03:32","guid":{"rendered":"https:\/\/morivita.be\/non%20class\u00e9\/table-dautopsie\/"},"modified":"2022-06-30T10:42:18","modified_gmt":"2022-06-30T08:42:18","slug":"table-dautopsie","status":"publish","type":"product","link":"https:\/\/morivita.be\/fr\/produit\/table-dautopsie\/","title":{"rendered":"Table d\u2019autopsie"},"content":{"rendered":"","protected":false},"excerpt":{"rendered":"<p>Cette table d\u2019autopsie s\u2019incline doucement et a une surface convexe pour que l\u2019eau puisse facilement s\u2019\u00e9couler vers le drain pr\u00e9vu \u00e0 la base de la table de soin.<\/p>\n","protected":false},"featured_media":5337,"template":"","meta":{"_acf_changed":false},"product_brand":[],"product_cat":[267,294,381,421],"product_tag":[],"class_list":{"0":"post-5065","1":"product","2":"type-product","3":"status-publish","4":"has-post-thumbnail","6":"product_cat-opbaring-fr","7":"product_cat-soins","8":"product_cat-table-d-autopsie","9":"product_cat-table-dautopsie","11":"first","12":"instock","13":"taxable","14":"shipping-taxable","15":"purchasable","16":"product-type-simple"},"acf":[],"_links":{"self":[{"href":"https:\/\/morivita.be\/fr\/wp-json\/wp\/v2\/product\/5065","targetHints":{"allow":["GET"]}}],"collection":[{"href":"https:\/\/morivita.be\/fr\/wp-json\/wp\/v2\/product"}],"about":[{"href":"https:\/\/morivita.be\/fr\/wp-json\/wp\/v2\/types\/product"}],"wp:featuredmedia":[{"embeddable":true,"href":"https:\/\/morivita.be\/fr\/wp-json\/wp\/v2\/media\/5337"}],"wp:attachment":[{"href":"https:\/\/morivita.be\/fr\/wp-json\/wp\/v2\/media?parent=5065"}],"wp:term":[{"taxonomy":"product_brand","embeddable":true,"href":"https:\/\/morivita.be\/fr\/wp-json\/wp\/v2\/product_brand?post=5065"},{"taxonomy":"product_cat","embeddable":true,"href":"https:\/\/morivita.be\/fr\/wp-json\/wp\/v2\/product_cat?post=5065"},{"taxonomy":"product_tag","embeddable":true,"href":"https:\/\/morivita.be\/fr\/wp-json\/wp\/v2\/product_tag?post=5065"}],"curies":[{"name":"wp","href":"https:\/\/api.w.org\/{rel}","templated":true}]}}