{"id":5225,"date":"2021-07-06T09:29:29","date_gmt":"2021-07-06T07:29:29","guid":{"rendered":"https:\/\/morivita.be\/?post_type=product&#038;p=5225"},"modified":"2022-12-01T11:28:53","modified_gmt":"2022-12-01T10:28:53","slug":"chariot-porte-cercueil-poignees-horizontales-roues-125mm","status":"publish","type":"product","link":"https:\/\/morivita.be\/fr\/produit\/chariot-porte-cercueil-poignees-horizontales-roues-125mm\/","title":{"rendered":"CHARIOT PORTE CERCUEIL | 125 Roues | Poign\u00e9es Horizontales"},"content":{"rendered":"","protected":false},"excerpt":{"rendered":"<p>Ce chariot porte cercueils avec roues de 125 mm peut \u00eatre utilis\u00e9 aussi bien \u00e0 l&#8217;int\u00e9rieur qu&#8217;\u00e0 l&#8217;ext\u00e9rieur.<\/p>\n<p>Tr\u00e8s pratique pour transporter le cerceuil.<\/p>\n<p>Les poign\u00e9es sont extra longues pour plus de confort et sont horizontales.<\/p>\n<p>En utilisant de l&#8217;aluminium de haute qualit\u00e9, le chariot extensible reste l\u00e9ger et durable.<\/p>\n","protected":false},"featured_media":5233,"template":"","meta":{"_acf_changed":false},"product_brand":[],"product_cat":[280,401,284],"product_tag":[],"class_list":{"0":"post-5225","1":"product","2":"type-product","3":"status-publish","4":"has-post-thumbnail","6":"product_cat-transport-fr","7":"product_cat-chariot-pour-cercueils","8":"product_cat-chariots-porte-cercueils-extensibles","10":"first","11":"instock","12":"taxable","13":"shipping-taxable","14":"purchasable","15":"product-type-simple"},"acf":[],"_links":{"self":[{"href":"https:\/\/morivita.be\/fr\/wp-json\/wp\/v2\/product\/5225","targetHints":{"allow":["GET"]}}],"collection":[{"href":"https:\/\/morivita.be\/fr\/wp-json\/wp\/v2\/product"}],"about":[{"href":"https:\/\/morivita.be\/fr\/wp-json\/wp\/v2\/types\/product"}],"wp:featuredmedia":[{"embeddable":true,"href":"https:\/\/morivita.be\/fr\/wp-json\/wp\/v2\/media\/5233"}],"wp:attachment":[{"href":"https:\/\/morivita.be\/fr\/wp-json\/wp\/v2\/media?parent=5225"}],"wp:term":[{"taxonomy":"product_brand","embeddable":true,"href":"https:\/\/morivita.be\/fr\/wp-json\/wp\/v2\/product_brand?post=5225"},{"taxonomy":"product_cat","embeddable":true,"href":"https:\/\/morivita.be\/fr\/wp-json\/wp\/v2\/product_cat?post=5225"},{"taxonomy":"product_tag","embeddable":true,"href":"https:\/\/morivita.be\/fr\/wp-json\/wp\/v2\/product_tag?post=5225"}],"curies":[{"name":"wp","href":"https:\/\/api.w.org\/{rel}","templated":true}]}}