{"id":5246,"date":"2021-07-06T10:04:55","date_gmt":"2021-07-06T08:04:55","guid":{"rendered":"https:\/\/morivita.be\/?post_type=product&#038;p=5246"},"modified":"2023-01-23T15:35:36","modified_gmt":"2023-01-23T14:35:36","slug":"brancard-economique-base-en-noir","status":"publish","type":"product","link":"https:\/\/morivita.be\/fr\/produit\/brancard-economique-base-en-noir\/","title":{"rendered":"BRANCARD ECONOMIQUE | BASE EN NOIR"},"content":{"rendered":"","protected":false},"excerpt":{"rendered":"<p>Parce que la civi\u00e8re est r\u00e9glable en hauteur, elle peut facilement \u00eatre plac\u00e9e dans et hors d&#8217;un v\u00e9hicule.<\/p>\n<p>Ce brancard est tr\u00e8s l\u00e9ger, et peut facilement \u00eatre utilis\u00e9 par 1 personne pour d\u00e9placer un d\u00e9funt.<\/p>\n<p>Le mat\u00e9riau lavable garantit que la civi\u00e8re reste toujours hygi\u00e9niquement propre.<\/p>\n<p><strong> <\/strong><\/p>\n","protected":false},"featured_media":8956,"template":"","meta":{"_acf_changed":false},"product_brand":[],"product_cat":[280,395,397],"product_tag":[],"class_list":{"0":"post-5246","1":"product","2":"type-product","3":"status-publish","4":"has-post-thumbnail","6":"product_cat-transport-fr","7":"product_cat-brancard-fr","8":"product_cat-brancard-normal","10":"first","11":"instock","12":"taxable","13":"shipping-taxable","14":"purchasable","15":"product-type-simple"},"acf":[],"_links":{"self":[{"href":"https:\/\/morivita.be\/fr\/wp-json\/wp\/v2\/product\/5246","targetHints":{"allow":["GET"]}}],"collection":[{"href":"https:\/\/morivita.be\/fr\/wp-json\/wp\/v2\/product"}],"about":[{"href":"https:\/\/morivita.be\/fr\/wp-json\/wp\/v2\/types\/product"}],"wp:featuredmedia":[{"embeddable":true,"href":"https:\/\/morivita.be\/fr\/wp-json\/wp\/v2\/media\/8956"}],"wp:attachment":[{"href":"https:\/\/morivita.be\/fr\/wp-json\/wp\/v2\/media?parent=5246"}],"wp:term":[{"taxonomy":"product_brand","embeddable":true,"href":"https:\/\/morivita.be\/fr\/wp-json\/wp\/v2\/product_brand?post=5246"},{"taxonomy":"product_cat","embeddable":true,"href":"https:\/\/morivita.be\/fr\/wp-json\/wp\/v2\/product_cat?post=5246"},{"taxonomy":"product_tag","embeddable":true,"href":"https:\/\/morivita.be\/fr\/wp-json\/wp\/v2\/product_tag?post=5246"}],"curies":[{"name":"wp","href":"https:\/\/api.w.org\/{rel}","templated":true}]}}