{"id":5289,"date":"2021-07-06T14:06:58","date_gmt":"2021-07-06T12:06:58","guid":{"rendered":"https:\/\/morivita.be\/?post_type=product&#038;p=5289"},"modified":"2023-01-23T15:33:54","modified_gmt":"2023-01-23T14:33:54","slug":"chariot-de-transport-leger-base-plus-petite","status":"publish","type":"product","link":"https:\/\/morivita.be\/fr\/produit\/chariot-de-transport-leger-base-plus-petite\/","title":{"rendered":"Chariot de transport | L\u00e9ger | Base plus petite"},"content":{"rendered":"","protected":false},"excerpt":{"rendered":"<p>Ce chariot tr\u00e8s pratique est en acier tr\u00e8s durable et tr\u00e8s solide.<\/p>\n<p>Il est \u00e9galement tr\u00e8s l\u00e9ger, tr\u00e8s flexible et maniable. Tr\u00e8s facile \u00e0 ranger et \u00e0 transporter.<\/p>\n<p>Il y a un bon syst\u00e8me de freinage sur les deux petites roues pour plus de s\u00e9curit\u00e9.<\/p>\n<p>Cette version avec une base plus petite est id\u00e9ale pour transporter une bo\u00eete.<\/p>\n","protected":false},"featured_media":5295,"template":"","meta":{"_acf_changed":false},"product_brand":[],"product_cat":[281,280,401],"product_tag":[],"class_list":{"0":"post-5289","1":"product","2":"type-product","3":"status-publish","4":"has-post-thumbnail","6":"product_cat-chariots","7":"product_cat-transport-fr","8":"product_cat-chariot-pour-cercueils","10":"first","11":"instock","12":"taxable","13":"shipping-taxable","14":"purchasable","15":"product-type-simple"},"acf":[],"_links":{"self":[{"href":"https:\/\/morivita.be\/fr\/wp-json\/wp\/v2\/product\/5289","targetHints":{"allow":["GET"]}}],"collection":[{"href":"https:\/\/morivita.be\/fr\/wp-json\/wp\/v2\/product"}],"about":[{"href":"https:\/\/morivita.be\/fr\/wp-json\/wp\/v2\/types\/product"}],"wp:featuredmedia":[{"embeddable":true,"href":"https:\/\/morivita.be\/fr\/wp-json\/wp\/v2\/media\/5295"}],"wp:attachment":[{"href":"https:\/\/morivita.be\/fr\/wp-json\/wp\/v2\/media?parent=5289"}],"wp:term":[{"taxonomy":"product_brand","embeddable":true,"href":"https:\/\/morivita.be\/fr\/wp-json\/wp\/v2\/product_brand?post=5289"},{"taxonomy":"product_cat","embeddable":true,"href":"https:\/\/morivita.be\/fr\/wp-json\/wp\/v2\/product_cat?post=5289"},{"taxonomy":"product_tag","embeddable":true,"href":"https:\/\/morivita.be\/fr\/wp-json\/wp\/v2\/product_tag?post=5289"}],"curies":[{"name":"wp","href":"https:\/\/api.w.org\/{rel}","templated":true}]}}