{"id":5319,"date":"2021-07-06T14:59:17","date_gmt":"2021-07-06T12:59:17","guid":{"rendered":"https:\/\/morivita.be\/?post_type=product&#038;p=5319"},"modified":"2024-05-11T13:44:34","modified_gmt":"2024-05-11T11:44:34","slug":"couvercle-de-transport-bleu-tissu-deperlant","status":"publish","type":"product","link":"https:\/\/morivita.be\/fr\/produit\/couvercle-de-transport-bleu-tissu-deperlant\/","title":{"rendered":"SAC MORTUARE | Bleu ou Noir | Velcro en bas"},"content":{"rendered":"","protected":false},"excerpt":{"rendered":"<p>Ce sac mortuaire est id\u00e9al pour transporter une personne d\u00e9c\u00e9d\u00e9e.<\/p>\n<p>Facile \u00e0 utiliser en combinaison avec un brancard ou une civi\u00e8re.<\/p>\n<p>Les deux mod\u00e8les sont fabriqu\u00e9s dans un tissu hydrofuge.<\/p>\n<p><strong> <\/strong><\/p>\n","protected":false},"featured_media":9895,"template":"","meta":{"_acf_changed":false},"product_brand":[],"product_cat":[280,395,397,396,398,399],"product_tag":[],"class_list":{"0":"post-5319","1":"product","2":"type-product","3":"status-publish","4":"has-post-thumbnail","6":"product_cat-transport-fr","7":"product_cat-brancard-fr","8":"product_cat-brancard-normal","9":"product_cat-brancard-xl-fr","10":"product_cat-chariot-de-brancard","11":"product_cat-civiere-cuillere-de-relevage","13":"first","14":"instock","15":"taxable","16":"shipping-taxable","17":"purchasable","18":"product-type-variable"},"acf":[],"_links":{"self":[{"href":"https:\/\/morivita.be\/fr\/wp-json\/wp\/v2\/product\/5319","targetHints":{"allow":["GET"]}}],"collection":[{"href":"https:\/\/morivita.be\/fr\/wp-json\/wp\/v2\/product"}],"about":[{"href":"https:\/\/morivita.be\/fr\/wp-json\/wp\/v2\/types\/product"}],"wp:featuredmedia":[{"embeddable":true,"href":"https:\/\/morivita.be\/fr\/wp-json\/wp\/v2\/media\/9895"}],"wp:attachment":[{"href":"https:\/\/morivita.be\/fr\/wp-json\/wp\/v2\/media?parent=5319"}],"wp:term":[{"taxonomy":"product_brand","embeddable":true,"href":"https:\/\/morivita.be\/fr\/wp-json\/wp\/v2\/product_brand?post=5319"},{"taxonomy":"product_cat","embeddable":true,"href":"https:\/\/morivita.be\/fr\/wp-json\/wp\/v2\/product_cat?post=5319"},{"taxonomy":"product_tag","embeddable":true,"href":"https:\/\/morivita.be\/fr\/wp-json\/wp\/v2\/product_tag?post=5319"}],"curies":[{"name":"wp","href":"https:\/\/api.w.org\/{rel}","templated":true}]}}