{"id":5320,"date":"2021-07-06T14:57:15","date_gmt":"2021-07-06T12:57:15","guid":{"rendered":"https:\/\/morivita.be\/non%20class\u00e9\/civiere-pliable-sans-sac-mortuaire\/"},"modified":"2023-01-23T15:22:36","modified_gmt":"2023-01-23T14:22:36","slug":"civiere-pliable-sans-sac-mortuaire","status":"publish","type":"product","link":"https:\/\/morivita.be\/fr\/produit\/civiere-pliable-sans-sac-mortuaire\/","title":{"rendered":"CIVIERE PLIABLE | TOILE BLEUE"},"content":{"rendered":"","protected":false},"excerpt":{"rendered":"<p>Cette civi\u00e8re pliable est fabriqu\u00e9e en alliage d&#8217;aluminium de haute qualit\u00e9 et en tissu r\u00e9sistant \u00e0 l&#8217;eau.<\/p>\n<p>La civi\u00e8re est pratique \u00e0 utiliser car elle peut \u00eatre pli\u00e9e dans le sens de la longueur.<\/p>\n<p>Cette civi\u00e8re pliable se caract\u00e9rise par son poids l\u00e9ger, facile \u00e0 transporter et s\u00fbr \u00e0 utiliser.<\/p>\n<p><strong> <\/strong><\/p>\n","protected":false},"featured_media":8938,"template":"","meta":{"_acf_changed":false},"product_brand":[],"product_cat":[280,395,742,399],"product_tag":[],"class_list":{"0":"post-5320","1":"product","2":"type-product","3":"status-publish","4":"has-post-thumbnail","6":"product_cat-transport-fr","7":"product_cat-brancard-fr","8":"product_cat-civiere-fr","9":"product_cat-civiere-cuillere-de-relevage","11":"first","12":"instock","13":"taxable","14":"shipping-taxable","15":"purchasable","16":"product-type-simple"},"acf":[],"_links":{"self":[{"href":"https:\/\/morivita.be\/fr\/wp-json\/wp\/v2\/product\/5320","targetHints":{"allow":["GET"]}}],"collection":[{"href":"https:\/\/morivita.be\/fr\/wp-json\/wp\/v2\/product"}],"about":[{"href":"https:\/\/morivita.be\/fr\/wp-json\/wp\/v2\/types\/product"}],"wp:featuredmedia":[{"embeddable":true,"href":"https:\/\/morivita.be\/fr\/wp-json\/wp\/v2\/media\/8938"}],"wp:attachment":[{"href":"https:\/\/morivita.be\/fr\/wp-json\/wp\/v2\/media?parent=5320"}],"wp:term":[{"taxonomy":"product_brand","embeddable":true,"href":"https:\/\/morivita.be\/fr\/wp-json\/wp\/v2\/product_brand?post=5320"},{"taxonomy":"product_cat","embeddable":true,"href":"https:\/\/morivita.be\/fr\/wp-json\/wp\/v2\/product_cat?post=5320"},{"taxonomy":"product_tag","embeddable":true,"href":"https:\/\/morivita.be\/fr\/wp-json\/wp\/v2\/product_tag?post=5320"}],"curies":[{"name":"wp","href":"https:\/\/api.w.org\/{rel}","templated":true}]}}