{"id":5333,"date":"2021-07-06T16:11:19","date_gmt":"2021-07-06T14:11:19","guid":{"rendered":"https:\/\/morivita.be\/?post_type=product&#038;p=5333"},"modified":"2021-07-06T16:16:26","modified_gmt":"2021-07-06T14:16:26","slug":"table-dassistance-a-lautopsie","status":"publish","type":"product","link":"https:\/\/morivita.be\/fr\/produit\/table-dassistance-a-lautopsie\/","title":{"rendered":"Table d&#8217;assistance \u00e0 l&#8217;autopsie"},"content":{"rendered":"","protected":false},"excerpt":{"rendered":"<p>Cette table d&#8217;appoint pratique est en acier inoxydable.<\/p>\n<p>Mat\u00e9riau l\u00e9ger facile \u00e0 placer dans l&#8217;espace de travail, il est \u00e9galement r\u00e9glable en hauteur.<\/p>\n","protected":false},"featured_media":5335,"template":"","meta":{"_acf_changed":false},"product_brand":[],"product_cat":[422,431,289,267,294,421],"product_tag":[],"class_list":{"0":"post-5333","1":"product","2":"type-product","3":"status-publish","4":"has-post-thumbnail","6":"product_cat-armoires-en-inox","7":"product_cat-couler-en-inox","8":"product_cat-materiel-hygienique","9":"product_cat-opbaring-fr","10":"product_cat-soins","11":"product_cat-table-dautopsie","13":"first","14":"instock","15":"taxable","16":"shipping-taxable","17":"purchasable","18":"product-type-simple"},"acf":[],"_links":{"self":[{"href":"https:\/\/morivita.be\/fr\/wp-json\/wp\/v2\/product\/5333","targetHints":{"allow":["GET"]}}],"collection":[{"href":"https:\/\/morivita.be\/fr\/wp-json\/wp\/v2\/product"}],"about":[{"href":"https:\/\/morivita.be\/fr\/wp-json\/wp\/v2\/types\/product"}],"wp:featuredmedia":[{"embeddable":true,"href":"https:\/\/morivita.be\/fr\/wp-json\/wp\/v2\/media\/5335"}],"wp:attachment":[{"href":"https:\/\/morivita.be\/fr\/wp-json\/wp\/v2\/media?parent=5333"}],"wp:term":[{"taxonomy":"product_brand","embeddable":true,"href":"https:\/\/morivita.be\/fr\/wp-json\/wp\/v2\/product_brand?post=5333"},{"taxonomy":"product_cat","embeddable":true,"href":"https:\/\/morivita.be\/fr\/wp-json\/wp\/v2\/product_cat?post=5333"},{"taxonomy":"product_tag","embeddable":true,"href":"https:\/\/morivita.be\/fr\/wp-json\/wp\/v2\/product_tag?post=5333"}],"curies":[{"name":"wp","href":"https:\/\/api.w.org\/{rel}","templated":true}]}}