{"id":5729,"date":"2021-07-14T14:59:01","date_gmt":"2021-07-14T12:59:01","guid":{"rendered":"https:\/\/morivita.be\/non%20class\u00e9\/holy-light-huile-lampante\/"},"modified":"2022-07-04T15:51:06","modified_gmt":"2022-07-04T13:51:06","slug":"huile-de-bougie","status":"publish","type":"product","link":"https:\/\/morivita.be\/fr\/produit\/huile-de-bougie\/","title":{"rendered":"Huile de Bougie"},"content":{"rendered":"<p>&nbsp;<\/p>\n<p>&nbsp;<\/p>\n<p>&nbsp;<\/p>\n","protected":false},"excerpt":{"rendered":"<p>Huile bougie, haute qualit\u00e9 | Bouteille de 1L<\/p>\n<p>Cette huile de bougie, huile lampante, est une huile combustible qui est utilis\u00e9e dans les lampes \u00e0 huile, mais aussi, par exemple, dans les torches et diverses bougies. En principe, l&#8217;huile \u00e0 lampe est inodore et de couleur transparente. Cette huile pour bougie est de tr\u00e8s bonne qualit\u00e9.<\/p>\n","protected":false},"featured_media":5351,"template":"","meta":{"_acf_changed":false},"product_brand":[],"product_cat":[344,296,603,351],"product_tag":[587],"class_list":{"0":"post-5729","1":"product","2":"type-product","3":"status-publish","4":"has-post-thumbnail","6":"product_cat-bougies","7":"product_cat-decoration-amenagement-funeraire","8":"product_cat-lampante-a-lhuile","9":"product_cat-materiel-de-ceremonie","10":"product_tag-bougies-discount","12":"first","13":"instock","14":"taxable","15":"shipping-taxable","16":"purchasable","17":"product-type-simple"},"acf":[],"_links":{"self":[{"href":"https:\/\/morivita.be\/fr\/wp-json\/wp\/v2\/product\/5729","targetHints":{"allow":["GET"]}}],"collection":[{"href":"https:\/\/morivita.be\/fr\/wp-json\/wp\/v2\/product"}],"about":[{"href":"https:\/\/morivita.be\/fr\/wp-json\/wp\/v2\/types\/product"}],"wp:featuredmedia":[{"embeddable":true,"href":"https:\/\/morivita.be\/fr\/wp-json\/wp\/v2\/media\/5351"}],"wp:attachment":[{"href":"https:\/\/morivita.be\/fr\/wp-json\/wp\/v2\/media?parent=5729"}],"wp:term":[{"taxonomy":"product_brand","embeddable":true,"href":"https:\/\/morivita.be\/fr\/wp-json\/wp\/v2\/product_brand?post=5729"},{"taxonomy":"product_cat","embeddable":true,"href":"https:\/\/morivita.be\/fr\/wp-json\/wp\/v2\/product_cat?post=5729"},{"taxonomy":"product_tag","embeddable":true,"href":"https:\/\/morivita.be\/fr\/wp-json\/wp\/v2\/product_tag?post=5729"}],"curies":[{"name":"wp","href":"https:\/\/api.w.org\/{rel}","templated":true}]}}