{"id":5730,"date":"2021-07-14T14:52:17","date_gmt":"2021-07-14T12:52:17","guid":{"rendered":"https:\/\/morivita.be\/non%20class\u00e9\/lampante-a-lhuile\/"},"modified":"2022-07-04T15:55:22","modified_gmt":"2022-07-04T13:55:22","slug":"bougie-a-lhuile","status":"publish","type":"product","link":"https:\/\/morivita.be\/fr\/produit\/bougie-a-lhuile\/","title":{"rendered":"Bougie \u00e0 l&#8217;huile | Rechargeable"},"content":{"rendered":"<p>&nbsp;<\/p>\n<p>&nbsp;<\/p>\n<p>&nbsp;<\/p>\n","protected":false},"excerpt":{"rendered":"<p><strong>Bougies \u00e0 l&#8217;huile rechargeables de diff\u00e9rentes hauteurs.<\/strong><\/p>\n<p>Bougies \u00e0 l&#8217;huile faciles \u00e0 remplir pour cr\u00e9er la bonne atmosph\u00e8re.<\/p>\n<p>Diff\u00e9rentes tailles disponibles :<\/p>\n<ul>\n<li>Diam\u00e8tre 8cm x H75cm<\/li>\n<li>Diam\u00e8tre 8cm x H90cm<\/li>\n<li>Diam\u00e8tre 8cm x H100cm<\/li>\n<li>Diam\u00e8tre 8cm x H120cm<\/li>\n<\/ul>\n<p>&nbsp;<\/p>\n","protected":false},"featured_media":5355,"template":"","meta":{"_acf_changed":false},"product_brand":[],"product_cat":[344,296,603,351],"product_tag":[587],"class_list":{"0":"post-5730","1":"product","2":"type-product","3":"status-publish","4":"has-post-thumbnail","6":"product_cat-bougies","7":"product_cat-decoration-amenagement-funeraire","8":"product_cat-lampante-a-lhuile","9":"product_cat-materiel-de-ceremonie","10":"product_tag-bougies-discount","12":"first","13":"instock","14":"taxable","15":"shipping-taxable","16":"purchasable","17":"product-type-variable"},"acf":[],"_links":{"self":[{"href":"https:\/\/morivita.be\/fr\/wp-json\/wp\/v2\/product\/5730","targetHints":{"allow":["GET"]}}],"collection":[{"href":"https:\/\/morivita.be\/fr\/wp-json\/wp\/v2\/product"}],"about":[{"href":"https:\/\/morivita.be\/fr\/wp-json\/wp\/v2\/types\/product"}],"wp:featuredmedia":[{"embeddable":true,"href":"https:\/\/morivita.be\/fr\/wp-json\/wp\/v2\/media\/5355"}],"wp:attachment":[{"href":"https:\/\/morivita.be\/fr\/wp-json\/wp\/v2\/media?parent=5730"}],"wp:term":[{"taxonomy":"product_brand","embeddable":true,"href":"https:\/\/morivita.be\/fr\/wp-json\/wp\/v2\/product_brand?post=5730"},{"taxonomy":"product_cat","embeddable":true,"href":"https:\/\/morivita.be\/fr\/wp-json\/wp\/v2\/product_cat?post=5730"},{"taxonomy":"product_tag","embeddable":true,"href":"https:\/\/morivita.be\/fr\/wp-json\/wp\/v2\/product_tag?post=5730"}],"curies":[{"name":"wp","href":"https:\/\/api.w.org\/{rel}","templated":true}]}}