{"id":6094,"date":"2021-07-28T14:30:50","date_gmt":"2021-07-28T12:30:50","guid":{"rendered":"https:\/\/morivita.be\/?post_type=product&#038;p=6094"},"modified":"2022-07-04T15:11:48","modified_gmt":"2022-07-04T13:11:48","slug":"table-dautopsie-avec-robinet-et-bonde","status":"publish","type":"product","link":"https:\/\/morivita.be\/fr\/produit\/table-dautopsie-avec-robinet-et-bonde\/","title":{"rendered":"Table d&#8217;autopsie avec robinet et bonde"},"content":{"rendered":"","protected":false},"excerpt":{"rendered":"<p>Cette table d&#8217;autopsie avec robinet et bonde est une table d&#8217;autopsie tr\u00e8s pratique avec un plateau de pompe, un robinet r\u00e9gulier et un robinet de pulv\u00e9risation extra large.<\/p>\n<p>Compl\u00e8tement en INOX.<\/p>\n<p>Tr\u00e8s facile \u00e0 nettoyer pour plus d&#8217;hygi\u00e8ne.<\/p>\n<p>&nbsp;<\/p>\n<p>&nbsp;<\/p>\n","protected":false},"featured_media":6096,"template":"","meta":{"_acf_changed":false},"product_brand":[],"product_cat":[431,289,267,294,381,421],"product_tag":[],"class_list":{"0":"post-6094","1":"product","2":"type-product","3":"status-publish","4":"has-post-thumbnail","6":"product_cat-couler-en-inox","7":"product_cat-materiel-hygienique","8":"product_cat-opbaring-fr","9":"product_cat-soins","10":"product_cat-table-d-autopsie","11":"product_cat-table-dautopsie","13":"first","14":"instock","15":"taxable","16":"shipping-taxable","17":"purchasable","18":"product-type-simple"},"acf":[],"_links":{"self":[{"href":"https:\/\/morivita.be\/fr\/wp-json\/wp\/v2\/product\/6094","targetHints":{"allow":["GET"]}}],"collection":[{"href":"https:\/\/morivita.be\/fr\/wp-json\/wp\/v2\/product"}],"about":[{"href":"https:\/\/morivita.be\/fr\/wp-json\/wp\/v2\/types\/product"}],"wp:featuredmedia":[{"embeddable":true,"href":"https:\/\/morivita.be\/fr\/wp-json\/wp\/v2\/media\/6096"}],"wp:attachment":[{"href":"https:\/\/morivita.be\/fr\/wp-json\/wp\/v2\/media?parent=6094"}],"wp:term":[{"taxonomy":"product_brand","embeddable":true,"href":"https:\/\/morivita.be\/fr\/wp-json\/wp\/v2\/product_brand?post=6094"},{"taxonomy":"product_cat","embeddable":true,"href":"https:\/\/morivita.be\/fr\/wp-json\/wp\/v2\/product_cat?post=6094"},{"taxonomy":"product_tag","embeddable":true,"href":"https:\/\/morivita.be\/fr\/wp-json\/wp\/v2\/product_tag?post=6094"}],"curies":[{"name":"wp","href":"https:\/\/api.w.org\/{rel}","templated":true}]}}