{"id":6098,"date":"2021-07-28T14:42:26","date_gmt":"2021-07-28T12:42:26","guid":{"rendered":"https:\/\/morivita.be\/?post_type=product&#038;p=6098"},"modified":"2022-07-04T15:16:57","modified_gmt":"2022-07-04T13:16:57","slug":"table-en-inox-avec-evier-et-armoires","status":"publish","type":"product","link":"https:\/\/morivita.be\/fr\/produit\/table-en-inox-avec-evier-et-armoires\/","title":{"rendered":"Table en INOX avec \u00e9vier et armoires"},"content":{"rendered":"","protected":false},"excerpt":{"rendered":"<p><em><strong>Table en INOX avec \u00e9vier et armoires en acier inoxydable.<\/strong><\/em><\/p>\n<p>\u00c9quip\u00e9 d\u2019un r\u00e9servoir de pompe et d\u2019un robinet et d\u2019un espace de stockage suffisant gr\u00e2ce aux armoires pratiques.<\/p>\n<p>Mat\u00e9riau l\u00e9ger, facile \u00e0 nettoyer.<\/p>\n<p>&nbsp;<\/p>\n<p>&nbsp;<\/p>\n","protected":false},"featured_media":6100,"template":"","meta":{"_acf_changed":false},"product_brand":[],"product_cat":[431,289,294],"product_tag":[],"class_list":{"0":"post-6098","1":"product","2":"type-product","3":"status-publish","4":"has-post-thumbnail","6":"product_cat-couler-en-inox","7":"product_cat-materiel-hygienique","8":"product_cat-soins","10":"first","11":"instock","12":"taxable","13":"shipping-taxable","14":"purchasable","15":"product-type-simple"},"acf":[],"_links":{"self":[{"href":"https:\/\/morivita.be\/fr\/wp-json\/wp\/v2\/product\/6098","targetHints":{"allow":["GET"]}}],"collection":[{"href":"https:\/\/morivita.be\/fr\/wp-json\/wp\/v2\/product"}],"about":[{"href":"https:\/\/morivita.be\/fr\/wp-json\/wp\/v2\/types\/product"}],"wp:featuredmedia":[{"embeddable":true,"href":"https:\/\/morivita.be\/fr\/wp-json\/wp\/v2\/media\/6100"}],"wp:attachment":[{"href":"https:\/\/morivita.be\/fr\/wp-json\/wp\/v2\/media?parent=6098"}],"wp:term":[{"taxonomy":"product_brand","embeddable":true,"href":"https:\/\/morivita.be\/fr\/wp-json\/wp\/v2\/product_brand?post=6098"},{"taxonomy":"product_cat","embeddable":true,"href":"https:\/\/morivita.be\/fr\/wp-json\/wp\/v2\/product_cat?post=6098"},{"taxonomy":"product_tag","embeddable":true,"href":"https:\/\/morivita.be\/fr\/wp-json\/wp\/v2\/product_tag?post=6098"}],"curies":[{"name":"wp","href":"https:\/\/api.w.org\/{rel}","templated":true}]}}