{"id":6135,"date":"2021-08-02T10:27:32","date_gmt":"2021-08-02T08:27:32","guid":{"rendered":"https:\/\/morivita.be\/non%20class\u00e9\/linceuls\/"},"modified":"2022-06-14T14:12:01","modified_gmt":"2022-06-14T12:12:01","slug":"linceuls-fleur-de-vent-funeraire","status":"publish","type":"product","link":"https:\/\/morivita.be\/fr\/produit\/linceuls-fleur-de-vent-funeraire\/","title":{"rendered":"Linceuls | FLEUR DE VENT"},"content":{"rendered":"","protected":false},"excerpt":{"rendered":"<p>Un linceul, un linceul fun\u00e9raire est un tissu rectangulaire en mat\u00e9riau doux dans lequel un d\u00e9funt peut \u00eatre envelopp\u00e9 lors d\u2019une c\u00e9r\u00e9monie de r\u00e9v\u00e9lation ou d\u2019adieu.<\/p>\n<p>Cette FLEUR DE VENT est en 100% coton.<\/p>\n<p>Dimensions : 250\u00d7350<\/p>\n","protected":false},"featured_media":10410,"template":"","meta":{"_acf_changed":false},"product_brand":[],"product_cat":[257,342],"product_tag":[],"class_list":{"0":"post-6135","1":"product","2":"type-product","3":"status-publish","4":"has-post-thumbnail","6":"product_cat-capitonnage","7":"product_cat-linceuls","9":"first","10":"instock","11":"taxable","12":"shipping-taxable","13":"purchasable","14":"product-type-simple"},"acf":[],"_links":{"self":[{"href":"https:\/\/morivita.be\/fr\/wp-json\/wp\/v2\/product\/6135","targetHints":{"allow":["GET"]}}],"collection":[{"href":"https:\/\/morivita.be\/fr\/wp-json\/wp\/v2\/product"}],"about":[{"href":"https:\/\/morivita.be\/fr\/wp-json\/wp\/v2\/types\/product"}],"wp:featuredmedia":[{"embeddable":true,"href":"https:\/\/morivita.be\/fr\/wp-json\/wp\/v2\/media\/10410"}],"wp:attachment":[{"href":"https:\/\/morivita.be\/fr\/wp-json\/wp\/v2\/media?parent=6135"}],"wp:term":[{"taxonomy":"product_brand","embeddable":true,"href":"https:\/\/morivita.be\/fr\/wp-json\/wp\/v2\/product_brand?post=6135"},{"taxonomy":"product_cat","embeddable":true,"href":"https:\/\/morivita.be\/fr\/wp-json\/wp\/v2\/product_cat?post=6135"},{"taxonomy":"product_tag","embeddable":true,"href":"https:\/\/morivita.be\/fr\/wp-json\/wp\/v2\/product_tag?post=6135"}],"curies":[{"name":"wp","href":"https:\/\/api.w.org\/{rel}","templated":true}]}}