{"id":6138,"date":"2021-07-28T14:50:13","date_gmt":"2021-07-28T12:50:13","guid":{"rendered":"https:\/\/morivita.be\/non%20class\u00e9\/cellule-2-corps\/"},"modified":"2022-07-04T15:21:59","modified_gmt":"2022-07-04T13:21:59","slug":"morgue-2-corps","status":"publish","type":"product","link":"https:\/\/morivita.be\/fr\/produit\/morgue-2-corps\/","title":{"rendered":"Morgue 2 corps"},"content":{"rendered":"","protected":false},"excerpt":{"rendered":"<p>Cette morgue est id\u00e9ale \u00e0 placer l\u00e0 o\u00f9 l\u2019espace est limit\u00e9.<\/p>\n<p>2 personnes d\u00e9c\u00e9d\u00e9es peuvent \u00eatre dispos\u00e9es dans cette chambre froide.<\/p>\n<p>Nous aimerions vous inviter dans notre salle d&#8217;exposition pour passer en revue ensemble toutes les sp\u00e9cifications.<\/p>\n<p>N\u2019h\u00e9sitez pas \u00e0 nous contacter!<\/p>\n<p>&nbsp;<\/p>\n","protected":false},"featured_media":6103,"template":"","meta":{"_acf_changed":false},"product_brand":[],"product_cat":[288,287],"product_tag":[],"class_list":{"0":"post-6138","1":"product","2":"type-product","3":"status-publish","4":"has-post-thumbnail","6":"product_cat-cellule","7":"product_cat-refrigeration","9":"first","10":"instock","11":"taxable","12":"shipping-taxable","13":"purchasable","14":"product-type-simple"},"acf":[],"_links":{"self":[{"href":"https:\/\/morivita.be\/fr\/wp-json\/wp\/v2\/product\/6138","targetHints":{"allow":["GET"]}}],"collection":[{"href":"https:\/\/morivita.be\/fr\/wp-json\/wp\/v2\/product"}],"about":[{"href":"https:\/\/morivita.be\/fr\/wp-json\/wp\/v2\/types\/product"}],"wp:featuredmedia":[{"embeddable":true,"href":"https:\/\/morivita.be\/fr\/wp-json\/wp\/v2\/media\/6103"}],"wp:attachment":[{"href":"https:\/\/morivita.be\/fr\/wp-json\/wp\/v2\/media?parent=6138"}],"wp:term":[{"taxonomy":"product_brand","embeddable":true,"href":"https:\/\/morivita.be\/fr\/wp-json\/wp\/v2\/product_brand?post=6138"},{"taxonomy":"product_cat","embeddable":true,"href":"https:\/\/morivita.be\/fr\/wp-json\/wp\/v2\/product_cat?post=6138"},{"taxonomy":"product_tag","embeddable":true,"href":"https:\/\/morivita.be\/fr\/wp-json\/wp\/v2\/product_tag?post=6138"}],"curies":[{"name":"wp","href":"https:\/\/api.w.org\/{rel}","templated":true}]}}