{"id":6321,"date":"2021-08-06T15:29:06","date_gmt":"2021-08-06T13:29:06","guid":{"rendered":"https:\/\/morivita.be\/?post_type=product&#038;p=6321"},"modified":"2022-05-20T11:39:08","modified_gmt":"2022-05-20T09:39:08","slug":"urne-en-acier-blanc-creme-tige-rose-soutenue-a-laerographe","status":"publish","type":"product","link":"https:\/\/morivita.be\/fr\/produit\/urne-en-acier-blanc-creme-tige-rose-soutenue-a-laerographe\/","title":{"rendered":"Urne en acier | Blanc cr\u00e8me, tige rose soutenue \u00e0 l\u2019a\u00e9rographe"},"content":{"rendered":"","protected":false},"excerpt":{"rendered":"<p>Urne en acier, blanc cr\u00e8me, tige rose soutenue \u00e0 l\u2019a\u00e9rographe.<\/p>\n<p><strong>Une remise suppl\u00e9mentaire est accord\u00e9e lors de la commande de plusieurs urnes de notre gamme.<\/strong><\/p>\n<p><strong>A l\u2019achat \u00e0 partir de 6 urnes \u2013 5% de remise !<\/strong><br \/>\n<strong>A l\u2019achat \u00e0 partir de 20 urnes \u2013 10% de remise !<\/strong><\/p>\n<p>&nbsp;<\/p>\n","protected":false},"featured_media":6323,"template":"","meta":{"_acf_changed":false},"product_brand":[],"product_cat":[416,295],"product_tag":[],"class_list":{"0":"post-6321","1":"product","2":"type-product","3":"status-publish","4":"has-post-thumbnail","6":"product_cat-urne-en-acier","7":"product_cat-urnes-fr","9":"first","10":"instock","11":"taxable","12":"shipping-taxable","13":"purchasable","14":"product-type-simple"},"acf":[],"_links":{"self":[{"href":"https:\/\/morivita.be\/fr\/wp-json\/wp\/v2\/product\/6321","targetHints":{"allow":["GET"]}}],"collection":[{"href":"https:\/\/morivita.be\/fr\/wp-json\/wp\/v2\/product"}],"about":[{"href":"https:\/\/morivita.be\/fr\/wp-json\/wp\/v2\/types\/product"}],"wp:featuredmedia":[{"embeddable":true,"href":"https:\/\/morivita.be\/fr\/wp-json\/wp\/v2\/media\/6323"}],"wp:attachment":[{"href":"https:\/\/morivita.be\/fr\/wp-json\/wp\/v2\/media?parent=6321"}],"wp:term":[{"taxonomy":"product_brand","embeddable":true,"href":"https:\/\/morivita.be\/fr\/wp-json\/wp\/v2\/product_brand?post=6321"},{"taxonomy":"product_cat","embeddable":true,"href":"https:\/\/morivita.be\/fr\/wp-json\/wp\/v2\/product_cat?post=6321"},{"taxonomy":"product_tag","embeddable":true,"href":"https:\/\/morivita.be\/fr\/wp-json\/wp\/v2\/product_tag?post=6321"}],"curies":[{"name":"wp","href":"https:\/\/api.w.org\/{rel}","templated":true}]}}