{"id":6359,"date":"2021-08-06T16:04:55","date_gmt":"2021-08-06T14:04:55","guid":{"rendered":"https:\/\/morivita.be\/?post_type=product&#038;p=6359"},"modified":"2022-05-20T11:35:32","modified_gmt":"2022-05-20T09:35:32","slug":"urne-en-cuivre-mini-urne-urne-commemorative-patinee-verte","status":"publish","type":"product","link":"https:\/\/morivita.be\/fr\/produit\/urne-en-cuivre-mini-urne-urne-commemorative-patinee-verte\/","title":{"rendered":"Urne en cuivre | Mini-urne | Urne comm\u00e9morative patin\u00e9e verte"},"content":{"rendered":"","protected":false},"excerpt":{"rendered":"<p>Urne mini en cuivre, Urne comm\u00e9morative patin\u00e9e verte.<\/p>\n<p><strong>Une remise suppl\u00e9mentaire est accord\u00e9e lors de la commande de plusieurs urnes de notre gamme.<\/strong><\/p>\n<p><strong>A l\u2019achat \u00e0 partir de 6 urnes \u2013 5% de remise !<\/strong><br \/>\n<strong>A l\u2019achat \u00e0 partir de 20 urnes \u2013 10% de remise !<\/strong><\/p>\n<p>&nbsp;<\/p>\n","protected":false},"featured_media":6349,"template":"","meta":{"_acf_changed":false},"product_brand":[],"product_cat":[412,413,295],"product_tag":[],"class_list":{"0":"post-6359","1":"product","2":"type-product","3":"status-publish","4":"has-post-thumbnail","6":"product_cat-urne-en-cuivre","7":"product_cat-urne-mini","8":"product_cat-urnes-fr","10":"first","11":"instock","12":"taxable","13":"shipping-taxable","14":"purchasable","15":"product-type-simple"},"acf":[],"_links":{"self":[{"href":"https:\/\/morivita.be\/fr\/wp-json\/wp\/v2\/product\/6359","targetHints":{"allow":["GET"]}}],"collection":[{"href":"https:\/\/morivita.be\/fr\/wp-json\/wp\/v2\/product"}],"about":[{"href":"https:\/\/morivita.be\/fr\/wp-json\/wp\/v2\/types\/product"}],"wp:featuredmedia":[{"embeddable":true,"href":"https:\/\/morivita.be\/fr\/wp-json\/wp\/v2\/media\/6349"}],"wp:attachment":[{"href":"https:\/\/morivita.be\/fr\/wp-json\/wp\/v2\/media?parent=6359"}],"wp:term":[{"taxonomy":"product_brand","embeddable":true,"href":"https:\/\/morivita.be\/fr\/wp-json\/wp\/v2\/product_brand?post=6359"},{"taxonomy":"product_cat","embeddable":true,"href":"https:\/\/morivita.be\/fr\/wp-json\/wp\/v2\/product_cat?post=6359"},{"taxonomy":"product_tag","embeddable":true,"href":"https:\/\/morivita.be\/fr\/wp-json\/wp\/v2\/product_tag?post=6359"}],"curies":[{"name":"wp","href":"https:\/\/api.w.org\/{rel}","templated":true}]}}