{"id":7172,"date":"2021-08-25T14:59:17","date_gmt":"2021-08-25T12:59:17","guid":{"rendered":"https:\/\/morivita.be\/?post_type=product&#038;p=7172"},"modified":"2024-05-05T11:21:57","modified_gmt":"2024-05-05T09:21:57","slug":"bio-urne-urne-en-materiau-naturel-bord-dore-velours-beige-clair-decor-coeurs","status":"publish","type":"product","link":"https:\/\/morivita.be\/fr\/produit\/bio-urne-urne-en-materiau-naturel-bord-dore-velours-beige-clair-decor-coeurs\/","title":{"rendered":"Bio urne | Urne en mat\u00e9riau naturel | Bord dor\u00e9 | Velours beige clair | D\u00e9cor coeurs"},"content":{"rendered":"<p>Avec ces urnes dans notre gamme, nous montrons une fois de plus que nous sommes les experts en mati\u00e8re de produits fun\u00e9raires biologiques !<\/p>\n","protected":false},"excerpt":{"rendered":"<p>Urne bio, urne en tissu naturel, bordure en or et c\u0153urs d\u00e9coratifs en or.<\/p>\n<p>Cette urne est disponible en 3 couleurs:<\/p>\n<ul>\n<li>Velours Violet,<\/li>\n<li>Velours vin rouge,<\/li>\n<li>Motif velours beige clair,<\/li>\n<\/ul>\n<p>Et comme mentionn\u00e9, cette urne est finie avec une bordure dor\u00e9e et des c\u0153urs dor\u00e9s \u00e0 chaque fois.<\/p>\n<p><strong>Une remise suppl\u00e9mentaire est accord\u00e9e lors de la commande de plusieurs urnes de notre gamme.<\/strong><\/p>\n<p><strong>A l\u2019achat \u00e0 partir de 6 urnes \u2013 5% de remise !<\/strong><br \/>\n<strong>A l\u2019achat \u00e0 partir de 20 urnes \u2013 10% de remise !<\/strong><\/p>\n<p>&nbsp;<\/p>\n","protected":false},"featured_media":9861,"template":"","meta":{"_acf_changed":false},"product_brand":[],"product_cat":[331,407,295],"product_tag":[],"class_list":{"0":"post-7172","1":"product","2":"type-product","3":"status-publish","4":"has-post-thumbnail","6":"product_cat-eco-fr","7":"product_cat-urne-bio","8":"product_cat-urnes-fr","10":"first","11":"onbackorder","12":"taxable","13":"shipping-taxable","14":"purchasable","15":"product-type-variable"},"acf":[],"_links":{"self":[{"href":"https:\/\/morivita.be\/fr\/wp-json\/wp\/v2\/product\/7172","targetHints":{"allow":["GET"]}}],"collection":[{"href":"https:\/\/morivita.be\/fr\/wp-json\/wp\/v2\/product"}],"about":[{"href":"https:\/\/morivita.be\/fr\/wp-json\/wp\/v2\/types\/product"}],"wp:featuredmedia":[{"embeddable":true,"href":"https:\/\/morivita.be\/fr\/wp-json\/wp\/v2\/media\/9861"}],"wp:attachment":[{"href":"https:\/\/morivita.be\/fr\/wp-json\/wp\/v2\/media?parent=7172"}],"wp:term":[{"taxonomy":"product_brand","embeddable":true,"href":"https:\/\/morivita.be\/fr\/wp-json\/wp\/v2\/product_brand?post=7172"},{"taxonomy":"product_cat","embeddable":true,"href":"https:\/\/morivita.be\/fr\/wp-json\/wp\/v2\/product_cat?post=7172"},{"taxonomy":"product_tag","embeddable":true,"href":"https:\/\/morivita.be\/fr\/wp-json\/wp\/v2\/product_tag?post=7172"}],"curies":[{"name":"wp","href":"https:\/\/api.w.org\/{rel}","templated":true}]}}