{"id":7175,"date":"2021-08-25T15:04:20","date_gmt":"2021-08-25T13:04:20","guid":{"rendered":"https:\/\/morivita.be\/?post_type=product&#038;p=7175"},"modified":"2022-05-20T11:00:56","modified_gmt":"2022-05-20T09:00:56","slug":"bio-urne-urne-en-materiau-naturel-velours-vin-rouge-bord-or-decor-coeurs","status":"publish","type":"product","link":"https:\/\/morivita.be\/fr\/produit\/bio-urne-urne-en-materiau-naturel-velours-vin-rouge-bord-or-decor-coeurs\/","title":{"rendered":"Bio urne | Urne en mat\u00e9riau naturel | Velours vin rouge | Bord or | D\u00e9cor coeurs"},"content":{"rendered":"","protected":false},"excerpt":{"rendered":"<p>Urne en mat\u00e9riau naturel, velours vin rouge, bord or, d\u00e9cor coeurs.<\/p>\n<p><strong>Une remise suppl\u00e9mentaire est accord\u00e9e lors de la commande de plusieurs urnes de notre gamme.<\/strong><\/p>\n<p><strong>A l\u2019achat \u00e0 partir de 6 urnes \u2013 5% de remise !<\/strong><br \/>\n<strong>A l\u2019achat \u00e0 partir de 20 urnes \u2013 10% de remise !<\/strong><\/p>\n<p>&nbsp;<\/p>\n","protected":false},"featured_media":7156,"template":"","meta":{"_acf_changed":false},"product_brand":[],"product_cat":[331,407,295],"product_tag":[],"class_list":{"0":"post-7175","1":"product","2":"type-product","3":"status-publish","4":"has-post-thumbnail","6":"product_cat-eco-fr","7":"product_cat-urne-bio","8":"product_cat-urnes-fr","10":"first","11":"instock","12":"taxable","13":"shipping-taxable","14":"purchasable","15":"product-type-simple"},"acf":[],"_links":{"self":[{"href":"https:\/\/morivita.be\/fr\/wp-json\/wp\/v2\/product\/7175","targetHints":{"allow":["GET"]}}],"collection":[{"href":"https:\/\/morivita.be\/fr\/wp-json\/wp\/v2\/product"}],"about":[{"href":"https:\/\/morivita.be\/fr\/wp-json\/wp\/v2\/types\/product"}],"wp:featuredmedia":[{"embeddable":true,"href":"https:\/\/morivita.be\/fr\/wp-json\/wp\/v2\/media\/7156"}],"wp:attachment":[{"href":"https:\/\/morivita.be\/fr\/wp-json\/wp\/v2\/media?parent=7175"}],"wp:term":[{"taxonomy":"product_brand","embeddable":true,"href":"https:\/\/morivita.be\/fr\/wp-json\/wp\/v2\/product_brand?post=7175"},{"taxonomy":"product_cat","embeddable":true,"href":"https:\/\/morivita.be\/fr\/wp-json\/wp\/v2\/product_cat?post=7175"},{"taxonomy":"product_tag","embeddable":true,"href":"https:\/\/morivita.be\/fr\/wp-json\/wp\/v2\/product_tag?post=7175"}],"curies":[{"name":"wp","href":"https:\/\/api.w.org\/{rel}","templated":true}]}}