{"id":7193,"date":"2021-08-25T15:32:30","date_gmt":"2021-08-25T13:32:30","guid":{"rendered":"https:\/\/morivita.be\/?post_type=product&#038;p=7193"},"modified":"2022-05-20T10:56:46","modified_gmt":"2022-05-20T08:56:46","slug":"bio-urne-ecorce-de-chene-liege-aspect-arbre-et-mousse-appliquee-a-la-main","status":"publish","type":"product","link":"https:\/\/morivita.be\/fr\/produit\/bio-urne-ecorce-de-chene-liege-aspect-arbre-et-mousse-appliquee-a-la-main\/","title":{"rendered":"Bio urne | Ecorce de ch\u00eane li\u00e8ge \u00abaspect arbre\u00bb et Mousse appliqu\u00e9e \u00e0 la main"},"content":{"rendered":"","protected":false},"excerpt":{"rendered":"<p>Urne naturelle, \u00e9corce de ch\u00eane li\u00e8ge \u00abaspect arbre\u00bb et Mousse appliqu\u00e9e \u00e0 la main.<\/p>\n<p><strong>Une remise suppl\u00e9mentaire est accord\u00e9e lors de la commande de plusieurs urnes de notre gamme.<\/strong><\/p>\n<p><strong>A l\u2019achat \u00e0 partir de 6 urnes \u2013 5% de remise !<\/strong><br \/>\n<strong>A l\u2019achat \u00e0 partir de 20 urnes \u2013 10% de remise !<\/strong><\/p>\n<p>&nbsp;<\/p>\n","protected":false},"featured_media":7122,"template":"","meta":{"_acf_changed":false},"product_brand":[],"product_cat":[331,407,295],"product_tag":[],"class_list":{"0":"post-7193","1":"product","2":"type-product","3":"status-publish","4":"has-post-thumbnail","6":"product_cat-eco-fr","7":"product_cat-urne-bio","8":"product_cat-urnes-fr","10":"first","11":"instock","12":"taxable","13":"shipping-taxable","14":"purchasable","15":"product-type-simple"},"acf":[],"_links":{"self":[{"href":"https:\/\/morivita.be\/fr\/wp-json\/wp\/v2\/product\/7193","targetHints":{"allow":["GET"]}}],"collection":[{"href":"https:\/\/morivita.be\/fr\/wp-json\/wp\/v2\/product"}],"about":[{"href":"https:\/\/morivita.be\/fr\/wp-json\/wp\/v2\/types\/product"}],"wp:featuredmedia":[{"embeddable":true,"href":"https:\/\/morivita.be\/fr\/wp-json\/wp\/v2\/media\/7122"}],"wp:attachment":[{"href":"https:\/\/morivita.be\/fr\/wp-json\/wp\/v2\/media?parent=7193"}],"wp:term":[{"taxonomy":"product_brand","embeddable":true,"href":"https:\/\/morivita.be\/fr\/wp-json\/wp\/v2\/product_brand?post=7193"},{"taxonomy":"product_cat","embeddable":true,"href":"https:\/\/morivita.be\/fr\/wp-json\/wp\/v2\/product_cat?post=7193"},{"taxonomy":"product_tag","embeddable":true,"href":"https:\/\/morivita.be\/fr\/wp-json\/wp\/v2\/product_tag?post=7193"}],"curies":[{"name":"wp","href":"https:\/\/api.w.org\/{rel}","templated":true}]}}