{"id":7197,"date":"2021-08-25T15:40:19","date_gmt":"2021-08-25T13:40:19","guid":{"rendered":"https:\/\/morivita.be\/?post_type=product&#038;p=7197"},"modified":"2024-05-05T12:15:37","modified_gmt":"2024-05-05T10:15:37","slug":"bio-urne-urne-en-materiau-naturel-abricot-argente-fleurs-en-ruban-decoratif","status":"publish","type":"product","link":"https:\/\/morivita.be\/fr\/produit\/bio-urne-urne-en-materiau-naturel-abricot-argente-fleurs-en-ruban-decoratif\/","title":{"rendered":"Urne Bio | Urne en mati\u00e8re naturelle | Abricot argent\u00e9 ou Nacre blanche cr\u00e8me | Ruban d\u00e9coratif fleurs"},"content":{"rendered":"","protected":false},"excerpt":{"rendered":"<p>Urne bio, en mati\u00e8re naturelle, disponible en abricot ou en cr\u00e8me nacr\u00e9e. Les urnes sont termin\u00e9es par un ruban de fleurs d\u00e9coratif.<\/p>\n<p><strong>Une remise suppl\u00e9mentaire est accord\u00e9e lors de la commande de plusieurs urnes de notre gamme.<\/strong><\/p>\n<p><strong>A l\u2019achat \u00e0 partir de 6 urnes \u2013 5% de remise !<\/strong><br \/>\n<strong>A l\u2019achat \u00e0 partir de 20 urnes \u2013 10% de remise !<\/strong><\/p>\n<p>&nbsp;<\/p>\n<p>&nbsp;<\/p>\n","protected":false},"featured_media":9868,"template":"","meta":{"_acf_changed":false},"product_brand":[],"product_cat":[331,407,295],"product_tag":[],"class_list":{"0":"post-7197","1":"product","2":"type-product","3":"status-publish","4":"has-post-thumbnail","6":"product_cat-eco-fr","7":"product_cat-urne-bio","8":"product_cat-urnes-fr","10":"first","11":"instock","12":"taxable","13":"shipping-taxable","14":"purchasable","15":"product-type-variable"},"acf":[],"_links":{"self":[{"href":"https:\/\/morivita.be\/fr\/wp-json\/wp\/v2\/product\/7197","targetHints":{"allow":["GET"]}}],"collection":[{"href":"https:\/\/morivita.be\/fr\/wp-json\/wp\/v2\/product"}],"about":[{"href":"https:\/\/morivita.be\/fr\/wp-json\/wp\/v2\/types\/product"}],"wp:featuredmedia":[{"embeddable":true,"href":"https:\/\/morivita.be\/fr\/wp-json\/wp\/v2\/media\/9868"}],"wp:attachment":[{"href":"https:\/\/morivita.be\/fr\/wp-json\/wp\/v2\/media?parent=7197"}],"wp:term":[{"taxonomy":"product_brand","embeddable":true,"href":"https:\/\/morivita.be\/fr\/wp-json\/wp\/v2\/product_brand?post=7197"},{"taxonomy":"product_cat","embeddable":true,"href":"https:\/\/morivita.be\/fr\/wp-json\/wp\/v2\/product_cat?post=7197"},{"taxonomy":"product_tag","embeddable":true,"href":"https:\/\/morivita.be\/fr\/wp-json\/wp\/v2\/product_tag?post=7197"}],"curies":[{"name":"wp","href":"https:\/\/api.w.org\/{rel}","templated":true}]}}