{"id":7251,"date":"2021-09-02T16:03:04","date_gmt":"2021-09-02T14:03:04","guid":{"rendered":"https:\/\/morivita.be\/?post_type=product&#038;p=7251"},"modified":"2024-05-14T15:10:30","modified_gmt":"2024-05-14T13:10:30","slug":"chariot-porte-cercueil-poignees-horizontales-roues-normales","status":"publish","type":"product","link":"https:\/\/morivita.be\/fr\/produit\/chariot-porte-cercueil-poignees-horizontales-roues-normales\/","title":{"rendered":"CHARIOT PORTE CERCUEIL | 125mm Roues | SPENCER | Poign\u00e9es Horizontales"},"content":{"rendered":"","protected":false},"excerpt":{"rendered":"<p><strong>CHARIOT D&#8217;\u00c9GLISE Exclusif<\/strong><\/p>\n<p>Le chariot d&#8217;\u00e9glise Spencer avec ses roues de 125 mm peut \u00eatre utilis\u00e9 \u00e0 l&#8217;int\u00e9rieur comme \u00e0 l&#8217;ext\u00e9rieur.<\/p>\n<p>Les principales caract\u00e9ristiques de ce chariot d&#8217;\u00e9glise sont ses poign\u00e9es horizontales et ses 8 supports, ce qui le rend compatible avec toutes les tailles de cercueils.<\/p>\n<p>Gr\u00e2ce \u00e0 l&#8217;utilisation d&#8217;aluminium de haute qualit\u00e9, le chariot extensible reste l\u00e9ger et durable.<\/p>\n","protected":false},"featured_media":9941,"template":"","meta":{"_acf_changed":false},"product_brand":[],"product_cat":[280,401,284,404],"product_tag":[],"class_list":{"0":"post-7251","1":"product","2":"type-product","3":"status-publish","4":"has-post-thumbnail","6":"product_cat-transport-fr","7":"product_cat-chariot-pour-cercueils","8":"product_cat-chariots-porte-cercueils-extensibles","9":"product_cat-poignees-horizontales","11":"first","12":"instock","13":"taxable","14":"shipping-taxable","15":"purchasable","16":"product-type-simple"},"acf":[],"_links":{"self":[{"href":"https:\/\/morivita.be\/fr\/wp-json\/wp\/v2\/product\/7251","targetHints":{"allow":["GET"]}}],"collection":[{"href":"https:\/\/morivita.be\/fr\/wp-json\/wp\/v2\/product"}],"about":[{"href":"https:\/\/morivita.be\/fr\/wp-json\/wp\/v2\/types\/product"}],"wp:featuredmedia":[{"embeddable":true,"href":"https:\/\/morivita.be\/fr\/wp-json\/wp\/v2\/media\/9941"}],"wp:attachment":[{"href":"https:\/\/morivita.be\/fr\/wp-json\/wp\/v2\/media?parent=7251"}],"wp:term":[{"taxonomy":"product_brand","embeddable":true,"href":"https:\/\/morivita.be\/fr\/wp-json\/wp\/v2\/product_brand?post=7251"},{"taxonomy":"product_cat","embeddable":true,"href":"https:\/\/morivita.be\/fr\/wp-json\/wp\/v2\/product_cat?post=7251"},{"taxonomy":"product_tag","embeddable":true,"href":"https:\/\/morivita.be\/fr\/wp-json\/wp\/v2\/product_tag?post=7251"}],"curies":[{"name":"wp","href":"https:\/\/api.w.org\/{rel}","templated":true}]}}