{"id":7258,"date":"2021-09-06T11:52:30","date_gmt":"2021-09-06T09:52:30","guid":{"rendered":"https:\/\/morivita.be\/?post_type=product&#038;p=7258"},"modified":"2022-12-07T12:30:24","modified_gmt":"2022-12-07T11:30:24","slug":"chariot-porte-cercueil-poignees-horizontales-roues-air","status":"publish","type":"product","link":"https:\/\/morivita.be\/fr\/produit\/chariot-porte-cercueil-poignees-horizontales-roues-air\/","title":{"rendered":"CHARIOT PORTE CERCUEIL | 200mm Roues | SPENCER | Poign\u00e9es Horizontales"},"content":{"rendered":"","protected":false},"excerpt":{"rendered":"<p>Le chariot porte cercueil en aluminium Spencer peut \u00eatre utilis\u00e9 aussi bien \u00e0 l&#8217;int\u00e9rieur qu&#8217;\u00e0 l&#8217;ext\u00e9rieur.<\/p>\n<p>Gr\u00e2ce aux grandes roues Air Inflated de 200 mm, ce chariot porte cercueils est id\u00e9al pour une utilisation au cimeti\u00e8re.<\/p>\n<p>Les poign\u00e9es sont extra longues pour plus de confort et sont horizontales.<\/p>\n<p>En utilisant de l&#8217;aluminium de haute qualit\u00e9, le chariot extensible reste l\u00e9ger et durable.<\/p>\n","protected":false},"featured_media":9922,"template":"","meta":{"_acf_changed":false},"product_brand":[],"product_cat":[280,401,284,404],"product_tag":[],"class_list":{"0":"post-7258","1":"product","2":"type-product","3":"status-publish","4":"has-post-thumbnail","6":"product_cat-transport-fr","7":"product_cat-chariot-pour-cercueils","8":"product_cat-chariots-porte-cercueils-extensibles","9":"product_cat-poignees-horizontales","11":"first","12":"instock","13":"taxable","14":"shipping-taxable","15":"purchasable","16":"product-type-simple"},"acf":[],"_links":{"self":[{"href":"https:\/\/morivita.be\/fr\/wp-json\/wp\/v2\/product\/7258","targetHints":{"allow":["GET"]}}],"collection":[{"href":"https:\/\/morivita.be\/fr\/wp-json\/wp\/v2\/product"}],"about":[{"href":"https:\/\/morivita.be\/fr\/wp-json\/wp\/v2\/types\/product"}],"wp:featuredmedia":[{"embeddable":true,"href":"https:\/\/morivita.be\/fr\/wp-json\/wp\/v2\/media\/9922"}],"wp:attachment":[{"href":"https:\/\/morivita.be\/fr\/wp-json\/wp\/v2\/media?parent=7258"}],"wp:term":[{"taxonomy":"product_brand","embeddable":true,"href":"https:\/\/morivita.be\/fr\/wp-json\/wp\/v2\/product_brand?post=7258"},{"taxonomy":"product_cat","embeddable":true,"href":"https:\/\/morivita.be\/fr\/wp-json\/wp\/v2\/product_cat?post=7258"},{"taxonomy":"product_tag","embeddable":true,"href":"https:\/\/morivita.be\/fr\/wp-json\/wp\/v2\/product_tag?post=7258"}],"curies":[{"name":"wp","href":"https:\/\/api.w.org\/{rel}","templated":true}]}}