{"id":7262,"date":"2021-09-06T12:48:24","date_gmt":"2021-09-06T10:48:24","guid":{"rendered":"https:\/\/morivita.be\/?post_type=product&#038;p=7262"},"modified":"2022-06-29T15:59:45","modified_gmt":"2022-06-29T13:59:45","slug":"catafalques-pour-cercueil-argent","status":"publish","type":"product","link":"https:\/\/morivita.be\/fr\/produit\/catafalques-pour-cercueil-argent\/","title":{"rendered":"Catafalques pour cercueil | ARGENT"},"content":{"rendered":"","protected":false},"excerpt":{"rendered":"<p>Ces catafalques pour cercueil peuvent \u00eatre utilis\u00e9s sous tout type de cercueil. Ils sont tr\u00e8s l\u00e9gers, compacts et pliables, tr\u00e8s pratiques \u00e0 transporter.<\/p>\n<p>Le cercueil est magnifiquement pr\u00e9sent\u00e9 de cette mani\u00e8re pour un adieu digne.<\/p>\n<p>&nbsp;<\/p>\n","protected":false},"featured_media":7211,"template":"","meta":{"_acf_changed":false},"product_brand":[],"product_cat":[280,401],"product_tag":[],"class_list":{"0":"post-7262","1":"product","2":"type-product","3":"status-publish","4":"has-post-thumbnail","6":"product_cat-transport-fr","7":"product_cat-chariot-pour-cercueils","9":"first","10":"instock","11":"taxable","12":"shipping-taxable","13":"purchasable","14":"product-type-simple"},"acf":[],"_links":{"self":[{"href":"https:\/\/morivita.be\/fr\/wp-json\/wp\/v2\/product\/7262","targetHints":{"allow":["GET"]}}],"collection":[{"href":"https:\/\/morivita.be\/fr\/wp-json\/wp\/v2\/product"}],"about":[{"href":"https:\/\/morivita.be\/fr\/wp-json\/wp\/v2\/types\/product"}],"wp:featuredmedia":[{"embeddable":true,"href":"https:\/\/morivita.be\/fr\/wp-json\/wp\/v2\/media\/7211"}],"wp:attachment":[{"href":"https:\/\/morivita.be\/fr\/wp-json\/wp\/v2\/media?parent=7262"}],"wp:term":[{"taxonomy":"product_brand","embeddable":true,"href":"https:\/\/morivita.be\/fr\/wp-json\/wp\/v2\/product_brand?post=7262"},{"taxonomy":"product_cat","embeddable":true,"href":"https:\/\/morivita.be\/fr\/wp-json\/wp\/v2\/product_cat?post=7262"},{"taxonomy":"product_tag","embeddable":true,"href":"https:\/\/morivita.be\/fr\/wp-json\/wp\/v2\/product_tag?post=7262"}],"curies":[{"name":"wp","href":"https:\/\/api.w.org\/{rel}","templated":true}]}}