{"id":7330,"date":"2021-09-07T11:47:28","date_gmt":"2021-09-07T09:47:28","guid":{"rendered":"https:\/\/morivita.be\/?post_type=product&#038;p=7330"},"modified":"2022-05-20T11:09:44","modified_gmt":"2022-05-20T09:09:44","slug":"urne-en-ceramique-blanche-arbre-colle","status":"publish","type":"product","link":"https:\/\/morivita.be\/fr\/produit\/urne-en-ceramique-blanche-arbre-colle\/","title":{"rendered":"Urne en C\u00e9ramique | Blanche | Arbre Coll\u00e9"},"content":{"rendered":"","protected":false},"excerpt":{"rendered":"<p>Urne en c\u00e9ramique blanche, arbre coll\u00e9.<\/p>\n<p><strong>Une remise suppl\u00e9mentaire est accord\u00e9e lors de la commande de plusieurs urnes de notre gamme.<\/strong><\/p>\n<p><strong>A l\u2019achat \u00e0 partir de 6 urnes \u2013 5% de remise !<\/strong><br \/>\n<strong>A l\u2019achat \u00e0 partir de 20 urnes \u2013 10% de remise !<\/strong><\/p>\n<p>&nbsp;<\/p>\n","protected":false},"featured_media":7332,"template":"","meta":{"_acf_changed":false},"product_brand":[],"product_cat":[410,295],"product_tag":[],"class_list":{"0":"post-7330","1":"product","2":"type-product","3":"status-publish","4":"has-post-thumbnail","6":"product_cat-ceramique","7":"product_cat-urnes-fr","9":"first","10":"instock","11":"taxable","12":"shipping-taxable","13":"purchasable","14":"product-type-simple"},"acf":[],"_links":{"self":[{"href":"https:\/\/morivita.be\/fr\/wp-json\/wp\/v2\/product\/7330","targetHints":{"allow":["GET"]}}],"collection":[{"href":"https:\/\/morivita.be\/fr\/wp-json\/wp\/v2\/product"}],"about":[{"href":"https:\/\/morivita.be\/fr\/wp-json\/wp\/v2\/types\/product"}],"wp:featuredmedia":[{"embeddable":true,"href":"https:\/\/morivita.be\/fr\/wp-json\/wp\/v2\/media\/7332"}],"wp:attachment":[{"href":"https:\/\/morivita.be\/fr\/wp-json\/wp\/v2\/media?parent=7330"}],"wp:term":[{"taxonomy":"product_brand","embeddable":true,"href":"https:\/\/morivita.be\/fr\/wp-json\/wp\/v2\/product_brand?post=7330"},{"taxonomy":"product_cat","embeddable":true,"href":"https:\/\/morivita.be\/fr\/wp-json\/wp\/v2\/product_cat?post=7330"},{"taxonomy":"product_tag","embeddable":true,"href":"https:\/\/morivita.be\/fr\/wp-json\/wp\/v2\/product_tag?post=7330"}],"curies":[{"name":"wp","href":"https:\/\/api.w.org\/{rel}","templated":true}]}}