{"id":7356,"date":"2021-09-08T10:49:58","date_gmt":"2021-09-08T08:49:58","guid":{"rendered":"https:\/\/morivita.be\/?post_type=product&#038;p=7356"},"modified":"2022-05-20T11:04:34","modified_gmt":"2022-05-20T09:04:34","slug":"urne-en-acier-galvanise-a-lancienne-decor-rose","status":"publish","type":"product","link":"https:\/\/morivita.be\/fr\/produit\/urne-en-acier-galvanise-a-lancienne-decor-rose\/","title":{"rendered":"Urne en acier | Galvanis\u00e9 \u00e0 l\u2019ancienne | D\u00e9cor Rose"},"content":{"rendered":"","protected":false},"excerpt":{"rendered":"<p>Urne en acier, galvanis\u00e9 \u00e0 l\u2019ancienne, d\u00e9cor rose.<\/p>\n<p><strong>Une remise suppl\u00e9mentaire est accord\u00e9e lors de la commande de plusieurs urnes de notre gamme.<\/strong><\/p>\n<p><strong>A l\u2019achat \u00e0 partir de 6 urnes \u2013 5% de remise !<\/strong><br \/>\n<strong>A l\u2019achat \u00e0 partir de 20 urnes \u2013 10% de remise !<\/strong><\/p>\n<p>&nbsp;<\/p>\n<p>&nbsp;<\/p>\n","protected":false},"featured_media":7324,"template":"","meta":{"_acf_changed":false},"product_brand":[],"product_cat":[416,295],"product_tag":[],"class_list":{"0":"post-7356","1":"product","2":"type-product","3":"status-publish","4":"has-post-thumbnail","6":"product_cat-urne-en-acier","7":"product_cat-urnes-fr","9":"first","10":"instock","11":"taxable","12":"shipping-taxable","13":"purchasable","14":"product-type-simple"},"acf":[],"_links":{"self":[{"href":"https:\/\/morivita.be\/fr\/wp-json\/wp\/v2\/product\/7356","targetHints":{"allow":["GET"]}}],"collection":[{"href":"https:\/\/morivita.be\/fr\/wp-json\/wp\/v2\/product"}],"about":[{"href":"https:\/\/morivita.be\/fr\/wp-json\/wp\/v2\/types\/product"}],"wp:featuredmedia":[{"embeddable":true,"href":"https:\/\/morivita.be\/fr\/wp-json\/wp\/v2\/media\/7324"}],"wp:attachment":[{"href":"https:\/\/morivita.be\/fr\/wp-json\/wp\/v2\/media?parent=7356"}],"wp:term":[{"taxonomy":"product_brand","embeddable":true,"href":"https:\/\/morivita.be\/fr\/wp-json\/wp\/v2\/product_brand?post=7356"},{"taxonomy":"product_cat","embeddable":true,"href":"https:\/\/morivita.be\/fr\/wp-json\/wp\/v2\/product_cat?post=7356"},{"taxonomy":"product_tag","embeddable":true,"href":"https:\/\/morivita.be\/fr\/wp-json\/wp\/v2\/product_tag?post=7356"}],"curies":[{"name":"wp","href":"https:\/\/api.w.org\/{rel}","templated":true}]}}