{"id":7432,"date":"2021-09-21T11:04:10","date_gmt":"2021-09-21T09:04:10","guid":{"rendered":"https:\/\/morivita.be\/non%20class\u00e9\/promo-funeral-expo-capitonnage-zeus\/"},"modified":"2021-09-27T08:19:44","modified_gmt":"2021-09-27T06:19:44","slug":"promo-funeral-expo-capitonnage-zeus","status":"publish","type":"product","link":"https:\/\/morivita.be\/fr\/produit\/promo-funeral-expo-capitonnage-zeus\/","title":{"rendered":"PROMO FUNERAL EXPO | Capitonnage ZEUS"},"content":{"rendered":"","protected":false},"excerpt":{"rendered":"<p><strong>Capitonnage Zeus<\/strong><\/p>\n<p>Capiton fun\u00e9raire luxueux en taffetas mat.<\/p>\n<p>Bac \u00e9lastique \u00e0 volant ample couvert de dentelle, compl\u00e9t\u00e9 avec un oreiller \u00e0 dentelle fine assortie et une couverture double\u00e9 \u00e9lastique et universelle.<\/p>\n<p><em><strong>PROMO -10% \u00e0 l&#8217;achat de 10 pi\u00e8ces.<\/strong><\/em><\/p>\n<p><strong>Les promotions restent valables jusqu&#8217;au 31 octobre 2021.<\/strong><\/p>\n","protected":false},"featured_media":4465,"template":"","meta":{"_acf_changed":false},"product_brand":[],"product_cat":[686],"product_tag":[],"class_list":{"0":"post-7432","1":"product","2":"type-product","3":"status-publish","4":"has-post-thumbnail","6":"product_cat-funeral-expo-bruxelles-octobre-2021","8":"first","9":"instock","10":"taxable","11":"shipping-taxable","12":"purchasable","13":"product-type-variable"},"acf":[],"_links":{"self":[{"href":"https:\/\/morivita.be\/fr\/wp-json\/wp\/v2\/product\/7432","targetHints":{"allow":["GET"]}}],"collection":[{"href":"https:\/\/morivita.be\/fr\/wp-json\/wp\/v2\/product"}],"about":[{"href":"https:\/\/morivita.be\/fr\/wp-json\/wp\/v2\/types\/product"}],"wp:featuredmedia":[{"embeddable":true,"href":"https:\/\/morivita.be\/fr\/wp-json\/wp\/v2\/media\/4465"}],"wp:attachment":[{"href":"https:\/\/morivita.be\/fr\/wp-json\/wp\/v2\/media?parent=7432"}],"wp:term":[{"taxonomy":"product_brand","embeddable":true,"href":"https:\/\/morivita.be\/fr\/wp-json\/wp\/v2\/product_brand?post=7432"},{"taxonomy":"product_cat","embeddable":true,"href":"https:\/\/morivita.be\/fr\/wp-json\/wp\/v2\/product_cat?post=7432"},{"taxonomy":"product_tag","embeddable":true,"href":"https:\/\/morivita.be\/fr\/wp-json\/wp\/v2\/product_tag?post=7432"}],"curies":[{"name":"wp","href":"https:\/\/api.w.org\/{rel}","templated":true}]}}