{"id":7453,"date":"2021-09-23T09:28:00","date_gmt":"2021-09-23T07:28:00","guid":{"rendered":"https:\/\/morivita.be\/?post_type=product&#038;p=7453"},"modified":"2021-09-27T08:17:10","modified_gmt":"2021-09-27T06:17:10","slug":"promo-funeral-expo-capitonnage-hypnos-capiton-funeraire-en-coton-naturel","status":"publish","type":"product","link":"https:\/\/morivita.be\/fr\/produit\/promo-funeral-expo-capitonnage-hypnos-capiton-funeraire-en-coton-naturel\/","title":{"rendered":"PROMO FUNERAL EXPO | Capitonnage HYPNOS | Capiton fun\u00e9raire en coton naturel"},"content":{"rendered":"","protected":false},"excerpt":{"rendered":"<p>Bac \u00e9lastique non-doubl\u00e9 SEUL, respectueux du budget et de l&#8217;environnement en coton blanc.<\/p>\n<p>PROMO -10% \u00e0 l\u2019achat de 50 pi\u00e8ces, 5 bo\u00eetes.<\/p>\n<p>Les promotions restent valables jusqu\u2019au 31 octobre 2021.<\/p>\n<p>&nbsp;<\/p>\n","protected":false},"featured_media":7449,"template":"","meta":{"_acf_changed":false},"product_brand":[],"product_cat":[686],"product_tag":[],"class_list":{"0":"post-7453","1":"product","2":"type-product","3":"status-publish","4":"has-post-thumbnail","6":"product_cat-funeral-expo-bruxelles-octobre-2021","8":"first","9":"instock","10":"taxable","11":"shipping-taxable","12":"purchasable","13":"product-type-simple"},"acf":[],"_links":{"self":[{"href":"https:\/\/morivita.be\/fr\/wp-json\/wp\/v2\/product\/7453","targetHints":{"allow":["GET"]}}],"collection":[{"href":"https:\/\/morivita.be\/fr\/wp-json\/wp\/v2\/product"}],"about":[{"href":"https:\/\/morivita.be\/fr\/wp-json\/wp\/v2\/types\/product"}],"wp:featuredmedia":[{"embeddable":true,"href":"https:\/\/morivita.be\/fr\/wp-json\/wp\/v2\/media\/7449"}],"wp:attachment":[{"href":"https:\/\/morivita.be\/fr\/wp-json\/wp\/v2\/media?parent=7453"}],"wp:term":[{"taxonomy":"product_brand","embeddable":true,"href":"https:\/\/morivita.be\/fr\/wp-json\/wp\/v2\/product_brand?post=7453"},{"taxonomy":"product_cat","embeddable":true,"href":"https:\/\/morivita.be\/fr\/wp-json\/wp\/v2\/product_cat?post=7453"},{"taxonomy":"product_tag","embeddable":true,"href":"https:\/\/morivita.be\/fr\/wp-json\/wp\/v2\/product_tag?post=7453"}],"curies":[{"name":"wp","href":"https:\/\/api.w.org\/{rel}","templated":true}]}}