{"id":7497,"date":"2021-09-28T09:31:43","date_gmt":"2021-09-28T07:31:43","guid":{"rendered":"https:\/\/morivita.be\/?post_type=product&#038;p=7497"},"modified":"2022-12-08T15:23:12","modified_gmt":"2022-12-08T14:23:12","slug":"chariot-porte-cercueil-aluminium-spencer-poignees-verticale-et-horizontale","status":"publish","type":"product","link":"https:\/\/morivita.be\/fr\/produit\/chariot-porte-cercueil-aluminium-spencer-poignees-verticale-et-horizontale\/","title":{"rendered":"CHARIOT PORTE CERCUEIL | 200mm Roues | SPENCER | Poign\u00e9es Horizontales et Verticales"},"content":{"rendered":"","protected":false},"excerpt":{"rendered":"<p>Ce chariot porte cercueils avec roues gonfl\u00e9es \u00e0 l&#8217;air de 200 mm peut \u00eatre utilis\u00e9 aussi bien \u00e0 l&#8217;int\u00e9rieur qu&#8217;\u00e0 l&#8217;ext\u00e9rieur.<\/p>\n<p>Ce chariot extensible est extra long et poss\u00e8de des poign\u00e9es qui peuvent \u00eatre plac\u00e9es \u00e0 la fois verticalement et horizontalement.<\/p>\n<p>Les poign\u00e9es de ce chariot \u00e0 ciseaux sont \u00e9galement extra longues pour plus de confort.<\/p>\n<p>L\u2019utilisation d\u2019aluminium de haute qualit\u00e9 maintient le chariot \u00e0 ciseaux l\u00e9ger et durable.<\/p>\n","protected":false},"featured_media":7501,"template":"","meta":{"_acf_changed":false},"product_brand":[],"product_cat":[280,401,284,404],"product_tag":[],"class_list":{"0":"post-7497","1":"product","2":"type-product","3":"status-publish","4":"has-post-thumbnail","6":"product_cat-transport-fr","7":"product_cat-chariot-pour-cercueils","8":"product_cat-chariots-porte-cercueils-extensibles","9":"product_cat-poignees-horizontales","11":"first","12":"instock","13":"taxable","14":"shipping-taxable","15":"purchasable","16":"product-type-simple"},"acf":[],"_links":{"self":[{"href":"https:\/\/morivita.be\/fr\/wp-json\/wp\/v2\/product\/7497","targetHints":{"allow":["GET"]}}],"collection":[{"href":"https:\/\/morivita.be\/fr\/wp-json\/wp\/v2\/product"}],"about":[{"href":"https:\/\/morivita.be\/fr\/wp-json\/wp\/v2\/types\/product"}],"wp:featuredmedia":[{"embeddable":true,"href":"https:\/\/morivita.be\/fr\/wp-json\/wp\/v2\/media\/7501"}],"wp:attachment":[{"href":"https:\/\/morivita.be\/fr\/wp-json\/wp\/v2\/media?parent=7497"}],"wp:term":[{"taxonomy":"product_brand","embeddable":true,"href":"https:\/\/morivita.be\/fr\/wp-json\/wp\/v2\/product_brand?post=7497"},{"taxonomy":"product_cat","embeddable":true,"href":"https:\/\/morivita.be\/fr\/wp-json\/wp\/v2\/product_cat?post=7497"},{"taxonomy":"product_tag","embeddable":true,"href":"https:\/\/morivita.be\/fr\/wp-json\/wp\/v2\/product_tag?post=7497"}],"curies":[{"name":"wp","href":"https:\/\/api.w.org\/{rel}","templated":true}]}}