{"id":7515,"date":"2021-10-06T14:18:21","date_gmt":"2021-10-06T12:18:21","guid":{"rendered":"https:\/\/morivita.be\/?post_type=product&#038;p=7515"},"modified":"2022-06-01T13:29:07","modified_gmt":"2022-06-01T11:29:07","slug":"chariot-jack-4-roues-pivotantes","status":"publish","type":"product","link":"https:\/\/morivita.be\/fr\/produit\/chariot-jack-4-roues-pivotantes\/","title":{"rendered":"Jack \u00e0 4 roues pivotantes | Chariot de transport"},"content":{"rendered":"","protected":false},"excerpt":{"rendered":"<p>Avec ce Jack \u00e0 4 roues pivotantes ou chariot de transport, 1 personne peut d\u00e9placer sans effort des cartons ou autres charges, aussi bien en salle de soins qu&#8217;\u00e0 l&#8217;ext\u00e9rieur.<\/p>\n<ul>\n<li>R\u00e9glable en hauteur par le dispositif hydraulique sp\u00e9cial.<\/li>\n<li>4 roues pivotantes.<\/li>\n<li>Fonctionnement avec p\u00e9dale.<\/li>\n<\/ul>\n","protected":false},"featured_media":7517,"template":"","meta":{"_acf_changed":false},"product_brand":[],"product_cat":[281,280,401],"product_tag":[],"class_list":{"0":"post-7515","1":"product","2":"type-product","3":"status-publish","4":"has-post-thumbnail","6":"product_cat-chariots","7":"product_cat-transport-fr","8":"product_cat-chariot-pour-cercueils","10":"first","11":"instock","12":"taxable","13":"shipping-taxable","14":"purchasable","15":"product-type-simple"},"acf":[],"_links":{"self":[{"href":"https:\/\/morivita.be\/fr\/wp-json\/wp\/v2\/product\/7515","targetHints":{"allow":["GET"]}}],"collection":[{"href":"https:\/\/morivita.be\/fr\/wp-json\/wp\/v2\/product"}],"about":[{"href":"https:\/\/morivita.be\/fr\/wp-json\/wp\/v2\/types\/product"}],"wp:featuredmedia":[{"embeddable":true,"href":"https:\/\/morivita.be\/fr\/wp-json\/wp\/v2\/media\/7517"}],"wp:attachment":[{"href":"https:\/\/morivita.be\/fr\/wp-json\/wp\/v2\/media?parent=7515"}],"wp:term":[{"taxonomy":"product_brand","embeddable":true,"href":"https:\/\/morivita.be\/fr\/wp-json\/wp\/v2\/product_brand?post=7515"},{"taxonomy":"product_cat","embeddable":true,"href":"https:\/\/morivita.be\/fr\/wp-json\/wp\/v2\/product_cat?post=7515"},{"taxonomy":"product_tag","embeddable":true,"href":"https:\/\/morivita.be\/fr\/wp-json\/wp\/v2\/product_tag?post=7515"}],"curies":[{"name":"wp","href":"https:\/\/api.w.org\/{rel}","templated":true}]}}