{"id":7523,"date":"2021-10-06T15:49:55","date_gmt":"2021-10-06T13:49:55","guid":{"rendered":"https:\/\/morivita.be\/?post_type=product&#038;p=7523"},"modified":"2024-03-29T13:55:46","modified_gmt":"2024-03-29T12:55:46","slug":"transport-rolbord-ecolite-180cm","status":"publish","type":"product","link":"https:\/\/morivita.be\/fr\/produit\/transport-rolbord-ecolite-180cm\/","title":{"rendered":"Transport | Rollbord | 180cm en 120cm"},"content":{"rendered":"","protected":false},"excerpt":{"rendered":"<p>Un moyen simple et s\u00fbr de d\u00e9placer le d\u00e9funt sans contrainte physique pour le soignant.<\/p>\n<ul>\n<li>Haute performance<\/li>\n<li>Mat\u00e9riaux non toxiques<\/li>\n<li>Surface antibact\u00e9rienne<\/li>\n<li>Pr\u00e9vient les blessures au dos des soignants<\/li>\n<li>Doux pour la peau (pas de latex)<\/li>\n<li>Facile \u00e0 nettoyer et \u00e0 d\u00e9sinfecter<\/li>\n<li>Couvertures jetables disponibles<\/li>\n<li>Tissu en nylon ind\u00e9chirable<\/li>\n<li>L\u00e9ger, facile \u00e0 accrocher<\/li>\n<\/ul>\n<p>&nbsp;<\/p>\n","protected":false},"featured_media":7525,"template":"","meta":{"_acf_changed":false},"product_brand":[],"product_cat":[280,395,289,294],"product_tag":[],"class_list":{"0":"post-7523","1":"product","2":"type-product","3":"status-publish","4":"has-post-thumbnail","6":"product_cat-transport-fr","7":"product_cat-brancard-fr","8":"product_cat-materiel-hygienique","9":"product_cat-soins","11":"first","12":"instock","13":"taxable","14":"shipping-taxable","15":"purchasable","16":"product-type-variable"},"acf":[],"_links":{"self":[{"href":"https:\/\/morivita.be\/fr\/wp-json\/wp\/v2\/product\/7523","targetHints":{"allow":["GET"]}}],"collection":[{"href":"https:\/\/morivita.be\/fr\/wp-json\/wp\/v2\/product"}],"about":[{"href":"https:\/\/morivita.be\/fr\/wp-json\/wp\/v2\/types\/product"}],"wp:featuredmedia":[{"embeddable":true,"href":"https:\/\/morivita.be\/fr\/wp-json\/wp\/v2\/media\/7525"}],"wp:attachment":[{"href":"https:\/\/morivita.be\/fr\/wp-json\/wp\/v2\/media?parent=7523"}],"wp:term":[{"taxonomy":"product_brand","embeddable":true,"href":"https:\/\/morivita.be\/fr\/wp-json\/wp\/v2\/product_brand?post=7523"},{"taxonomy":"product_cat","embeddable":true,"href":"https:\/\/morivita.be\/fr\/wp-json\/wp\/v2\/product_cat?post=7523"},{"taxonomy":"product_tag","embeddable":true,"href":"https:\/\/morivita.be\/fr\/wp-json\/wp\/v2\/product_tag?post=7523"}],"curies":[{"name":"wp","href":"https:\/\/api.w.org\/{rel}","templated":true}]}}