{"id":7555,"date":"2021-10-07T14:50:30","date_gmt":"2021-10-07T12:50:30","guid":{"rendered":"https:\/\/morivita.be\/?post_type=product&#038;p=7555"},"modified":"2022-06-14T14:13:29","modified_gmt":"2022-06-14T12:13:29","slug":"linceuls-heritage-organic","status":"publish","type":"product","link":"https:\/\/morivita.be\/fr\/produit\/linceuls-heritage-organic\/","title":{"rendered":"Linceuls | HERITAGE ORGANIC"},"content":{"rendered":"","protected":false},"excerpt":{"rendered":"<p>Un linceul, un linceul fun\u00e9raire est un tissu rectangulaire en mat\u00e9riau doux dans lequel un d\u00e9funt peut \u00eatre envelopp\u00e9 lors d\u2019une c\u00e9r\u00e9monie de r\u00e9v\u00e9lation ou d\u2019adieu.<\/p>\n<p>Cette HERITAGE ORGANIC est en 100% lin bio Belge.<\/p>\n<p>Dimensions : 250\u00d7350<\/p>\n","protected":false},"featured_media":10412,"template":"","meta":{"_acf_changed":false},"product_brand":[],"product_cat":[257,331,342],"product_tag":[],"class_list":{"0":"post-7555","1":"product","2":"type-product","3":"status-publish","4":"has-post-thumbnail","6":"product_cat-capitonnage","7":"product_cat-eco-fr","8":"product_cat-linceuls","10":"first","11":"instock","12":"taxable","13":"shipping-taxable","14":"purchasable","15":"product-type-simple"},"acf":[],"_links":{"self":[{"href":"https:\/\/morivita.be\/fr\/wp-json\/wp\/v2\/product\/7555","targetHints":{"allow":["GET"]}}],"collection":[{"href":"https:\/\/morivita.be\/fr\/wp-json\/wp\/v2\/product"}],"about":[{"href":"https:\/\/morivita.be\/fr\/wp-json\/wp\/v2\/types\/product"}],"wp:featuredmedia":[{"embeddable":true,"href":"https:\/\/morivita.be\/fr\/wp-json\/wp\/v2\/media\/10412"}],"wp:attachment":[{"href":"https:\/\/morivita.be\/fr\/wp-json\/wp\/v2\/media?parent=7555"}],"wp:term":[{"taxonomy":"product_brand","embeddable":true,"href":"https:\/\/morivita.be\/fr\/wp-json\/wp\/v2\/product_brand?post=7555"},{"taxonomy":"product_cat","embeddable":true,"href":"https:\/\/morivita.be\/fr\/wp-json\/wp\/v2\/product_cat?post=7555"},{"taxonomy":"product_tag","embeddable":true,"href":"https:\/\/morivita.be\/fr\/wp-json\/wp\/v2\/product_tag?post=7555"}],"curies":[{"name":"wp","href":"https:\/\/api.w.org\/{rel}","templated":true}]}}