{"id":7599,"date":"2021-11-19T10:49:30","date_gmt":"2021-11-19T09:49:30","guid":{"rendered":"https:\/\/morivita.be\/?post_type=product&#038;p=7599"},"modified":"2023-04-01T01:00:15","modified_gmt":"2023-03-31T23:00:15","slug":"blouse-de-protection-jetable-impermeable-en-polyethylene","status":"publish","type":"product","link":"https:\/\/morivita.be\/fr\/produit\/blouse-de-protection-jetable-impermeable-en-polyethylene\/","title":{"rendered":"Blouse de protection jetable imperm\u00e9able en Poly\u00e9thyl\u00e8ne"},"content":{"rendered":"","protected":false},"excerpt":{"rendered":"<p>La blouse d\u2019isolation imperm\u00e9able en poly\u00e9thyl\u00e8ne \u00e0 usage unique est une blouse \u00e0 enfiler par la t\u00eate qui offre une excellente protection contre les liquides et l\u2019exposition aux fluides. Con\u00e7ue \u00e0 partir d\u2019un mat\u00e9riau imperm\u00e9able en poly\u00e9thyl\u00e8ne, notre blouse est r\u00e9sistante \u00e0 la p\u00e9n\u00e9tration bact\u00e9rienne en milieu humide, aux particules solides , aux liquides.<\/p>\n<p>La conception de la veste isolante imperm\u00e9able en poly\u00e9thyl\u00e8ne jetable garantit que la veste reste en place, gr\u00e2ce aux passants pour les pouces qui emp\u00eachent les manches de se retrousser.<\/p>\n","protected":false},"featured_media":7603,"template":"","meta":{"_acf_changed":false},"product_brand":[],"product_cat":[292,366,289,294,423],"product_tag":[],"class_list":{"0":"post-7599","1":"product","2":"type-product","3":"status-publish","4":"has-post-thumbnail","6":"product_cat-blouse","7":"product_cat-blouse-de-protection-avec-poignets-tricotes","8":"product_cat-materiel-hygienique","9":"product_cat-soins","10":"product_cat-soins-de-corps","12":"first","13":"instock","14":"taxable","15":"shipping-taxable","16":"purchasable","17":"product-type-simple"},"acf":[],"_links":{"self":[{"href":"https:\/\/morivita.be\/fr\/wp-json\/wp\/v2\/product\/7599","targetHints":{"allow":["GET"]}}],"collection":[{"href":"https:\/\/morivita.be\/fr\/wp-json\/wp\/v2\/product"}],"about":[{"href":"https:\/\/morivita.be\/fr\/wp-json\/wp\/v2\/types\/product"}],"wp:featuredmedia":[{"embeddable":true,"href":"https:\/\/morivita.be\/fr\/wp-json\/wp\/v2\/media\/7603"}],"wp:attachment":[{"href":"https:\/\/morivita.be\/fr\/wp-json\/wp\/v2\/media?parent=7599"}],"wp:term":[{"taxonomy":"product_brand","embeddable":true,"href":"https:\/\/morivita.be\/fr\/wp-json\/wp\/v2\/product_brand?post=7599"},{"taxonomy":"product_cat","embeddable":true,"href":"https:\/\/morivita.be\/fr\/wp-json\/wp\/v2\/product_cat?post=7599"},{"taxonomy":"product_tag","embeddable":true,"href":"https:\/\/morivita.be\/fr\/wp-json\/wp\/v2\/product_tag?post=7599"}],"curies":[{"name":"wp","href":"https:\/\/api.w.org\/{rel}","templated":true}]}}