{"id":7607,"date":"2021-11-19T11:51:28","date_gmt":"2021-11-19T10:51:28","guid":{"rendered":"https:\/\/morivita.be\/?post_type=product&#038;p=7607"},"modified":"2022-06-29T15:43:31","modified_gmt":"2022-06-29T13:43:31","slug":"gants-de-toilette-jetables-par-5","status":"publish","type":"product","link":"https:\/\/morivita.be\/fr\/produit\/gants-de-toilette-jetables-par-5\/","title":{"rendered":"emball\u00e9 par 5 &#8211; Achat par 5 emballages"},"content":{"rendered":"","protected":false},"excerpt":{"rendered":"<p>Les gants de toilette en textile non-tiss\u00e9 \u00e0 usage unique EasyBath\u00ae sont des gants pour la toilette du d\u00e9funt sans rin\u00e7age<\/p>\n<p>et pr\u00e9-impr\u00e9gn\u00e9s d\u2019une formule hypoallerg\u00e9nique et sans alcool au pH neutre.<\/p>\n","protected":false},"featured_media":7652,"template":"","meta":{"_acf_changed":false},"product_brand":[],"product_cat":[429,289,294,423],"product_tag":[],"class_list":{"0":"post-7607","1":"product","2":"type-product","3":"status-publish","4":"has-post-thumbnail","6":"product_cat-lingettes-jetables","7":"product_cat-materiel-hygienique","8":"product_cat-soins","9":"product_cat-soins-de-corps","11":"first","12":"instock","13":"taxable","14":"shipping-taxable","15":"purchasable","16":"product-type-simple"},"acf":[],"_links":{"self":[{"href":"https:\/\/morivita.be\/fr\/wp-json\/wp\/v2\/product\/7607","targetHints":{"allow":["GET"]}}],"collection":[{"href":"https:\/\/morivita.be\/fr\/wp-json\/wp\/v2\/product"}],"about":[{"href":"https:\/\/morivita.be\/fr\/wp-json\/wp\/v2\/types\/product"}],"wp:featuredmedia":[{"embeddable":true,"href":"https:\/\/morivita.be\/fr\/wp-json\/wp\/v2\/media\/7652"}],"wp:attachment":[{"href":"https:\/\/morivita.be\/fr\/wp-json\/wp\/v2\/media?parent=7607"}],"wp:term":[{"taxonomy":"product_brand","embeddable":true,"href":"https:\/\/morivita.be\/fr\/wp-json\/wp\/v2\/product_brand?post=7607"},{"taxonomy":"product_cat","embeddable":true,"href":"https:\/\/morivita.be\/fr\/wp-json\/wp\/v2\/product_cat?post=7607"},{"taxonomy":"product_tag","embeddable":true,"href":"https:\/\/morivita.be\/fr\/wp-json\/wp\/v2\/product_tag?post=7607"}],"curies":[{"name":"wp","href":"https:\/\/api.w.org\/{rel}","templated":true}]}}