{"id":7612,"date":"2021-11-19T13:46:37","date_gmt":"2021-11-19T12:46:37","guid":{"rendered":"https:\/\/morivita.be\/?post_type=product&#038;p=7612"},"modified":"2023-01-03T14:05:06","modified_gmt":"2023-01-03T13:05:06","slug":"gants-hygieniques-non-poudres-en-vinyle-stretch","status":"publish","type":"product","link":"https:\/\/morivita.be\/fr\/produit\/gants-hygieniques-non-poudres-en-vinyle-stretch\/","title":{"rendered":"Gants hygi\u00e9niques non poudr\u00e9s en VINYLE STRETCH"},"content":{"rendered":"","protected":false},"excerpt":{"rendered":"<p>Nos gants hygi\u00e9niques en vinyle stretch sont non poudr\u00e9s et garantissent une protection optimale pour vous et votre personnel .<\/p>\n<p>Les gants d&#8217;examen en vinyle extensibles sont une solution de gant id\u00e9al pour l&#8217;exercice de votre profession.<\/p>\n<p>Ils sont souples, robustes et faciles \u00e0 utiliser, gr\u00e2ce aux progr\u00e8s de la technologie. Ces gants en vinyle extensibles offrent douceur et confort lors de l&#8217;utilisation, gr\u00e2ce \u00e0 la formule polym\u00e8re innovante.<\/p>\n<p>Les gants Curad 3G sont id\u00e9aux pour les personnes souffrant d&#8217;allergies ou d&#8217;hypersensibilit\u00e9 car ils ne contiennent ni latex, ni poudre,. De plus, les gants d&#8217;examen sans poudre peuvent am\u00e9liorer la s\u00e9curit\u00e9 du personnel et r\u00e9duire la transmission des germes.<\/p>\n<p>&nbsp;<\/p>\n","protected":false},"featured_media":7616,"template":"","meta":{"_acf_changed":false},"product_brand":[],"product_cat":[291,427,289,294,423],"product_tag":[],"class_list":{"0":"post-7612","1":"product","2":"type-product","3":"status-publish","4":"has-post-thumbnail","6":"product_cat-gants","7":"product_cat-gants-jetables","8":"product_cat-materiel-hygienique","9":"product_cat-soins","10":"product_cat-soins-de-corps","12":"first","13":"instock","14":"taxable","15":"shipping-taxable","16":"purchasable","17":"product-type-simple"},"acf":[],"_links":{"self":[{"href":"https:\/\/morivita.be\/fr\/wp-json\/wp\/v2\/product\/7612","targetHints":{"allow":["GET"]}}],"collection":[{"href":"https:\/\/morivita.be\/fr\/wp-json\/wp\/v2\/product"}],"about":[{"href":"https:\/\/morivita.be\/fr\/wp-json\/wp\/v2\/types\/product"}],"wp:featuredmedia":[{"embeddable":true,"href":"https:\/\/morivita.be\/fr\/wp-json\/wp\/v2\/media\/7616"}],"wp:attachment":[{"href":"https:\/\/morivita.be\/fr\/wp-json\/wp\/v2\/media?parent=7612"}],"wp:term":[{"taxonomy":"product_brand","embeddable":true,"href":"https:\/\/morivita.be\/fr\/wp-json\/wp\/v2\/product_brand?post=7612"},{"taxonomy":"product_cat","embeddable":true,"href":"https:\/\/morivita.be\/fr\/wp-json\/wp\/v2\/product_cat?post=7612"},{"taxonomy":"product_tag","embeddable":true,"href":"https:\/\/morivita.be\/fr\/wp-json\/wp\/v2\/product_tag?post=7612"}],"curies":[{"name":"wp","href":"https:\/\/api.w.org\/{rel}","templated":true}]}}