{"id":7622,"date":"2021-11-19T14:28:39","date_gmt":"2021-11-19T13:28:39","guid":{"rendered":"https:\/\/morivita.be\/?post_type=product&#038;p=7622"},"modified":"2022-06-29T15:29:49","modified_gmt":"2022-06-29T13:29:49","slug":"couches-absorbantes-jetables-915-cm-x-145-cm","status":"publish","type":"product","link":"https:\/\/morivita.be\/fr\/produit\/couches-absorbantes-jetables-915-cm-x-145-cm\/","title":{"rendered":"Couches absorbantes jetables 91,5 cm x 145 cm"},"content":{"rendered":"","protected":false},"excerpt":{"rendered":"<p>Les protections s\u00e8ches Comfort Glide offrent un confort et une capacit\u00e9 d\u2019absorption, qui sont des points essentiels dans la pr\u00e9vention des l\u00e9sions cutan\u00e9es gr\u00e2ce \u00e0 la gestion de l\u2019humidit\u00e9.<\/p>\n<p>Nos protections s\u00e8ches offrent une solution pour maintenir la peau en absorbant et en retenant les liquides.<\/p>\n","protected":false},"featured_media":7624,"template":"","meta":{"_acf_changed":false},"product_brand":[],"product_cat":[417,418,428,289,294,423],"product_tag":[],"class_list":{"0":"post-7622","1":"product","2":"type-product","3":"status-publish","4":"has-post-thumbnail","6":"product_cat-absorbants","7":"product_cat-draps","8":"product_cat-draps-jetables","9":"product_cat-materiel-hygienique","10":"product_cat-soins","11":"product_cat-soins-de-corps","13":"first","14":"instock","15":"taxable","16":"shipping-taxable","17":"purchasable","18":"product-type-simple"},"acf":[],"_links":{"self":[{"href":"https:\/\/morivita.be\/fr\/wp-json\/wp\/v2\/product\/7622","targetHints":{"allow":["GET"]}}],"collection":[{"href":"https:\/\/morivita.be\/fr\/wp-json\/wp\/v2\/product"}],"about":[{"href":"https:\/\/morivita.be\/fr\/wp-json\/wp\/v2\/types\/product"}],"wp:featuredmedia":[{"embeddable":true,"href":"https:\/\/morivita.be\/fr\/wp-json\/wp\/v2\/media\/7624"}],"wp:attachment":[{"href":"https:\/\/morivita.be\/fr\/wp-json\/wp\/v2\/media?parent=7622"}],"wp:term":[{"taxonomy":"product_brand","embeddable":true,"href":"https:\/\/morivita.be\/fr\/wp-json\/wp\/v2\/product_brand?post=7622"},{"taxonomy":"product_cat","embeddable":true,"href":"https:\/\/morivita.be\/fr\/wp-json\/wp\/v2\/product_cat?post=7622"},{"taxonomy":"product_tag","embeddable":true,"href":"https:\/\/morivita.be\/fr\/wp-json\/wp\/v2\/product_tag?post=7622"}],"curies":[{"name":"wp","href":"https:\/\/api.w.org\/{rel}","templated":true}]}}