{"id":7715,"date":"2021-12-21T09:19:42","date_gmt":"2021-12-21T08:19:42","guid":{"rendered":"https:\/\/morivita.be\/?post_type=product&#038;p=7715"},"modified":"2022-05-20T11:21:01","modified_gmt":"2022-05-20T09:21:01","slug":"urne-mini-en-ceramique-blanche-motif-peint-a-la-main","status":"publish","type":"product","link":"https:\/\/morivita.be\/fr\/produit\/urne-mini-en-ceramique-blanche-motif-peint-a-la-main\/","title":{"rendered":"Urne MINI en C\u00e9ramique | Blanche | Motif peint \u00e0 la main"},"content":{"rendered":"","protected":false},"excerpt":{"rendered":"<p>Urne en c\u00e9ramique blanche, motif peint \u00e0 la main: vrille en bronze \u2013 MINI -, bougie chauffe-plat.<\/p>\n<p>Pour mettre bougie chauffe-plat.<\/p>\n<p>Existe aussi en grand urne.<\/p>\n<p><strong>Une remise suppl\u00e9mentaire est accord\u00e9e lors de la commande de plusieurs urnes de notre gamme.<\/strong><\/p>\n<p><strong>A l\u2019achat \u00e0 partir de 6 urnes \u2013 5% de remise !<\/strong><br \/>\n<strong>A l\u2019achat \u00e0 partir de 20 urnes \u2013 10% de remise !<\/strong><\/p>\n<p>&nbsp;<\/p>\n<p>&nbsp;<\/p>\n","protected":false},"featured_media":7687,"template":"","meta":{"_acf_changed":false},"product_brand":[],"product_cat":[410,413,295],"product_tag":[],"class_list":{"0":"post-7715","1":"product","2":"type-product","3":"status-publish","4":"has-post-thumbnail","6":"product_cat-ceramique","7":"product_cat-urne-mini","8":"product_cat-urnes-fr","10":"first","11":"instock","12":"taxable","13":"shipping-taxable","14":"purchasable","15":"product-type-simple"},"acf":[],"_links":{"self":[{"href":"https:\/\/morivita.be\/fr\/wp-json\/wp\/v2\/product\/7715","targetHints":{"allow":["GET"]}}],"collection":[{"href":"https:\/\/morivita.be\/fr\/wp-json\/wp\/v2\/product"}],"about":[{"href":"https:\/\/morivita.be\/fr\/wp-json\/wp\/v2\/types\/product"}],"wp:featuredmedia":[{"embeddable":true,"href":"https:\/\/morivita.be\/fr\/wp-json\/wp\/v2\/media\/7687"}],"wp:attachment":[{"href":"https:\/\/morivita.be\/fr\/wp-json\/wp\/v2\/media?parent=7715"}],"wp:term":[{"taxonomy":"product_brand","embeddable":true,"href":"https:\/\/morivita.be\/fr\/wp-json\/wp\/v2\/product_brand?post=7715"},{"taxonomy":"product_cat","embeddable":true,"href":"https:\/\/morivita.be\/fr\/wp-json\/wp\/v2\/product_cat?post=7715"},{"taxonomy":"product_tag","embeddable":true,"href":"https:\/\/morivita.be\/fr\/wp-json\/wp\/v2\/product_tag?post=7715"}],"curies":[{"name":"wp","href":"https:\/\/api.w.org\/{rel}","templated":true}]}}