{"id":7721,"date":"2021-12-21T11:49:41","date_gmt":"2021-12-21T10:49:41","guid":{"rendered":"https:\/\/morivita.be\/?post_type=product&#038;p=7721"},"modified":"2022-05-20T11:19:50","modified_gmt":"2022-05-20T09:19:50","slug":"urne-en-ceramique-blanc-emaille-couvercle-dore-rosier","status":"publish","type":"product","link":"https:\/\/morivita.be\/fr\/produit\/urne-en-ceramique-blanc-emaille-couvercle-dore-rosier\/","title":{"rendered":"Urne en C\u00e9ramique | Blanc \u00e9maill\u00e9 | Couvercle dor\u00e9 | Rosier"},"content":{"rendered":"","protected":false},"excerpt":{"rendered":"<p>Urne en c\u00e9ramique, blanc \u00e9maill\u00e9, couvercle dor\u00e9, rosier.<\/p>\n<p>Existe aussi en MINI avec bougie chauffe-plat.<\/p>\n<p><strong>Une remise suppl\u00e9mentaire est accord\u00e9e lors de la commande de plusieurs urnes de notre gamme.<\/strong><\/p>\n<p><strong>A l\u2019achat \u00e0 partir de 6 urnes \u2013 5% de remise !<\/strong><br \/>\n<strong>A l\u2019achat \u00e0 partir de 20 urnes \u2013 10% de remise !<\/strong><\/p>\n<p>&nbsp;<\/p>\n<p>&nbsp;<\/p>\n","protected":false},"featured_media":7693,"template":"","meta":{"_acf_changed":false},"product_brand":[],"product_cat":[410,295],"product_tag":[],"class_list":{"0":"post-7721","1":"product","2":"type-product","3":"status-publish","4":"has-post-thumbnail","6":"product_cat-ceramique","7":"product_cat-urnes-fr","9":"first","10":"instock","11":"taxable","12":"shipping-taxable","13":"purchasable","14":"product-type-simple"},"acf":[],"_links":{"self":[{"href":"https:\/\/morivita.be\/fr\/wp-json\/wp\/v2\/product\/7721","targetHints":{"allow":["GET"]}}],"collection":[{"href":"https:\/\/morivita.be\/fr\/wp-json\/wp\/v2\/product"}],"about":[{"href":"https:\/\/morivita.be\/fr\/wp-json\/wp\/v2\/types\/product"}],"wp:featuredmedia":[{"embeddable":true,"href":"https:\/\/morivita.be\/fr\/wp-json\/wp\/v2\/media\/7693"}],"wp:attachment":[{"href":"https:\/\/morivita.be\/fr\/wp-json\/wp\/v2\/media?parent=7721"}],"wp:term":[{"taxonomy":"product_brand","embeddable":true,"href":"https:\/\/morivita.be\/fr\/wp-json\/wp\/v2\/product_brand?post=7721"},{"taxonomy":"product_cat","embeddable":true,"href":"https:\/\/morivita.be\/fr\/wp-json\/wp\/v2\/product_cat?post=7721"},{"taxonomy":"product_tag","embeddable":true,"href":"https:\/\/morivita.be\/fr\/wp-json\/wp\/v2\/product_tag?post=7721"}],"curies":[{"name":"wp","href":"https:\/\/api.w.org\/{rel}","templated":true}]}}