{"id":7759,"date":"2021-12-22T14:09:12","date_gmt":"2021-12-22T13:09:12","guid":{"rendered":"https:\/\/morivita.be\/?post_type=product&#038;p=7759"},"modified":"2022-05-20T10:53:23","modified_gmt":"2022-05-20T08:53:23","slug":"aluminium-urne-marmer-bruin","status":"publish","type":"product","link":"https:\/\/morivita.be\/fr\/produit\/aluminium-urne-marmer-bruin\/","title":{"rendered":"Urne en Aluminium | Marbre BRUN"},"content":{"rendered":"","protected":false},"excerpt":{"rendered":"<p>Urne en aluminium, marbre brun<\/p>\n<p>Urnes en aluminium en mat\u00e9riau tr\u00e8s l\u00e9ger mais tr\u00e8s solide.<\/p>\n<p><strong>Une remise suppl\u00e9mentaire est accord\u00e9e lors de la commande de plusieurs urnes de notre gamme.<\/strong><\/p>\n<p><strong>Lors de l\u2019achat \u00e0 partir de 6 urnes &#8211; 5%<\/strong><br \/>\n<strong>Lors de l\u2019achat \u00e0 partir de 20 urnes &#8211; 10% korting!<\/strong><\/p>\n<p>&nbsp;<\/p>\n","protected":false},"featured_media":7732,"template":"","meta":{"_acf_changed":false},"product_brand":[],"product_cat":[711,295],"product_tag":[],"class_list":{"0":"post-7759","1":"product","2":"type-product","3":"status-publish","4":"has-post-thumbnail","6":"product_cat-aluminium-fr","7":"product_cat-urnes-fr","9":"first","10":"instock","11":"taxable","12":"shipping-taxable","13":"purchasable","14":"product-type-simple"},"acf":[],"_links":{"self":[{"href":"https:\/\/morivita.be\/fr\/wp-json\/wp\/v2\/product\/7759","targetHints":{"allow":["GET"]}}],"collection":[{"href":"https:\/\/morivita.be\/fr\/wp-json\/wp\/v2\/product"}],"about":[{"href":"https:\/\/morivita.be\/fr\/wp-json\/wp\/v2\/types\/product"}],"wp:featuredmedia":[{"embeddable":true,"href":"https:\/\/morivita.be\/fr\/wp-json\/wp\/v2\/media\/7732"}],"wp:attachment":[{"href":"https:\/\/morivita.be\/fr\/wp-json\/wp\/v2\/media?parent=7759"}],"wp:term":[{"taxonomy":"product_brand","embeddable":true,"href":"https:\/\/morivita.be\/fr\/wp-json\/wp\/v2\/product_brand?post=7759"},{"taxonomy":"product_cat","embeddable":true,"href":"https:\/\/morivita.be\/fr\/wp-json\/wp\/v2\/product_cat?post=7759"},{"taxonomy":"product_tag","embeddable":true,"href":"https:\/\/morivita.be\/fr\/wp-json\/wp\/v2\/product_tag?post=7759"}],"curies":[{"name":"wp","href":"https:\/\/api.w.org\/{rel}","templated":true}]}}