{"id":7804,"date":"2022-01-07T11:24:34","date_gmt":"2022-01-07T10:24:34","guid":{"rendered":"https:\/\/morivita.be\/?post_type=product&#038;p=7804"},"modified":"2022-06-29T15:22:07","modified_gmt":"2022-06-29T13:22:07","slug":"banc-aero-en-aluminium","status":"publish","type":"product","link":"https:\/\/morivita.be\/fr\/produit\/banc-aero-en-aluminium\/","title":{"rendered":"Banc | AERO en Aluminium"},"content":{"rendered":"","protected":false},"excerpt":{"rendered":"<p>Le Banc AERO est l\u2019heureux r\u00e9sultat d\u2019une combinaison de minimalisme, l\u00e9g\u00e8ret\u00e9, confort et robustesse. Cette r\u00e9ussite est obtenue par l\u2019utilisation de profils en aluminium stri\u00e9 qui se projettent sur un plan comme l\u2019aile d\u2019un avion. Les mat\u00e9riaux utilis\u00e9s dans sa fabrication, aluminium et acier inox, permettent son utilisation aussit\u00f4t dans les espaces int\u00e9rieurs que dans les espaces ext\u00e9rieurs.<\/p>\n","protected":false},"featured_media":7799,"template":"","meta":{"_acf_changed":false},"product_brand":[],"product_cat":[712,296],"product_tag":[],"class_list":{"0":"post-7804","1":"product","2":"type-product","3":"status-publish","4":"has-post-thumbnail","6":"product_cat-banc-funeraire","7":"product_cat-decoration-amenagement-funeraire","9":"first","10":"instock","11":"taxable","12":"shipping-taxable","13":"purchasable","14":"product-type-variable"},"acf":[],"_links":{"self":[{"href":"https:\/\/morivita.be\/fr\/wp-json\/wp\/v2\/product\/7804","targetHints":{"allow":["GET"]}}],"collection":[{"href":"https:\/\/morivita.be\/fr\/wp-json\/wp\/v2\/product"}],"about":[{"href":"https:\/\/morivita.be\/fr\/wp-json\/wp\/v2\/types\/product"}],"wp:featuredmedia":[{"embeddable":true,"href":"https:\/\/morivita.be\/fr\/wp-json\/wp\/v2\/media\/7799"}],"wp:attachment":[{"href":"https:\/\/morivita.be\/fr\/wp-json\/wp\/v2\/media?parent=7804"}],"wp:term":[{"taxonomy":"product_brand","embeddable":true,"href":"https:\/\/morivita.be\/fr\/wp-json\/wp\/v2\/product_brand?post=7804"},{"taxonomy":"product_cat","embeddable":true,"href":"https:\/\/morivita.be\/fr\/wp-json\/wp\/v2\/product_cat?post=7804"},{"taxonomy":"product_tag","embeddable":true,"href":"https:\/\/morivita.be\/fr\/wp-json\/wp\/v2\/product_tag?post=7804"}],"curies":[{"name":"wp","href":"https:\/\/api.w.org\/{rel}","templated":true}]}}