{"id":7894,"date":"2022-01-17T15:41:50","date_gmt":"2022-01-17T14:41:50","guid":{"rendered":"https:\/\/morivita.be\/?post_type=product&#038;p=7894"},"modified":"2022-01-17T15:50:18","modified_gmt":"2022-01-17T14:50:18","slug":"banc-back-modulaire-kopie","status":"publish","type":"product","link":"https:\/\/morivita.be\/fr\/produit\/banc-back-modulaire-kopie\/","title":{"rendered":"Blocs de Pr\u00e9sentation | Set de SELLETTES"},"content":{"rendered":"","protected":false},"excerpt":{"rendered":"<p>GAIN DE PLACE \u2013 \u00c9L\u00c9MENTS D\u00c9CORATIFS EMPILABLES EN BOIS V\u00c9RITABLE!<\/p>\n<p>Paulownia tach\u00e9.<\/p>\n<p>Teint\u00e9 la plus grande colonne: 1200 x 350 x 350 mm chaque colonne suppl\u00e9mentaire en taille descendante.<\/p>\n","protected":false},"featured_media":7888,"template":"","meta":{"_acf_changed":false},"product_brand":[],"product_cat":[712,714,296],"product_tag":[],"class_list":{"0":"post-7894","1":"product","2":"type-product","3":"status-publish","4":"has-post-thumbnail","6":"product_cat-banc-funeraire","7":"product_cat-blocs-de-presentation","8":"product_cat-decoration-amenagement-funeraire","10":"first","11":"onbackorder","12":"taxable","13":"shipping-taxable","14":"purchasable","15":"product-type-simple"},"acf":[],"_links":{"self":[{"href":"https:\/\/morivita.be\/fr\/wp-json\/wp\/v2\/product\/7894","targetHints":{"allow":["GET"]}}],"collection":[{"href":"https:\/\/morivita.be\/fr\/wp-json\/wp\/v2\/product"}],"about":[{"href":"https:\/\/morivita.be\/fr\/wp-json\/wp\/v2\/types\/product"}],"wp:featuredmedia":[{"embeddable":true,"href":"https:\/\/morivita.be\/fr\/wp-json\/wp\/v2\/media\/7888"}],"wp:attachment":[{"href":"https:\/\/morivita.be\/fr\/wp-json\/wp\/v2\/media?parent=7894"}],"wp:term":[{"taxonomy":"product_brand","embeddable":true,"href":"https:\/\/morivita.be\/fr\/wp-json\/wp\/v2\/product_brand?post=7894"},{"taxonomy":"product_cat","embeddable":true,"href":"https:\/\/morivita.be\/fr\/wp-json\/wp\/v2\/product_cat?post=7894"},{"taxonomy":"product_tag","embeddable":true,"href":"https:\/\/morivita.be\/fr\/wp-json\/wp\/v2\/product_tag?post=7894"}],"curies":[{"name":"wp","href":"https:\/\/api.w.org\/{rel}","templated":true}]}}