{"id":8004,"date":"2022-03-29T09:14:53","date_gmt":"2022-03-29T07:14:53","guid":{"rendered":"https:\/\/morivita.be\/?post_type=product&#038;p=8004"},"modified":"2022-03-29T09:20:31","modified_gmt":"2022-03-29T07:20:31","slug":"brancard-avec-stretcher","status":"publish","type":"product","link":"https:\/\/morivita.be\/fr\/produit\/brancard-avec-stretcher\/","title":{"rendered":"Brancard avec Stretcher"},"content":{"rendered":"","protected":false},"excerpt":{"rendered":"<p>Cette civi\u00e8re est sp\u00e9cialement con\u00e7ue pour les v\u00e9hicules mortuaires. La polyvalence dbrancarde robuste pour r\u00e9pondre \u00e0 la plupart des besoins de l&#8217;industrie fun\u00e9raire.<\/p>\n<p>Disponible avec 4 roues pivotantes, freins et verrouillable sur les 2 roues arri\u00e8re. Comprend un repose-pieds int\u00e9gr\u00e9 au lit, un coffre sup\u00e9rieur amovible avec des roues dans le coffre inf\u00e9rieur pour permettre un mouvement vertical.<\/p>\n<p>La taille pli\u00e9e est de 300 mm.<\/p>\n","protected":false},"featured_media":7994,"template":"","meta":{"_acf_changed":false},"product_brand":[],"product_cat":[280,395,397],"product_tag":[],"class_list":{"0":"post-8004","1":"product","2":"type-product","3":"status-publish","4":"has-post-thumbnail","6":"product_cat-transport-fr","7":"product_cat-brancard-fr","8":"product_cat-brancard-normal","10":"first","11":"instock","12":"taxable","13":"shipping-taxable","14":"purchasable","15":"product-type-simple"},"acf":[],"_links":{"self":[{"href":"https:\/\/morivita.be\/fr\/wp-json\/wp\/v2\/product\/8004","targetHints":{"allow":["GET"]}}],"collection":[{"href":"https:\/\/morivita.be\/fr\/wp-json\/wp\/v2\/product"}],"about":[{"href":"https:\/\/morivita.be\/fr\/wp-json\/wp\/v2\/types\/product"}],"wp:featuredmedia":[{"embeddable":true,"href":"https:\/\/morivita.be\/fr\/wp-json\/wp\/v2\/media\/7994"}],"wp:attachment":[{"href":"https:\/\/morivita.be\/fr\/wp-json\/wp\/v2\/media?parent=8004"}],"wp:term":[{"taxonomy":"product_brand","embeddable":true,"href":"https:\/\/morivita.be\/fr\/wp-json\/wp\/v2\/product_brand?post=8004"},{"taxonomy":"product_cat","embeddable":true,"href":"https:\/\/morivita.be\/fr\/wp-json\/wp\/v2\/product_cat?post=8004"},{"taxonomy":"product_tag","embeddable":true,"href":"https:\/\/morivita.be\/fr\/wp-json\/wp\/v2\/product_tag?post=8004"}],"curies":[{"name":"wp","href":"https:\/\/api.w.org\/{rel}","templated":true}]}}