{"id":8013,"date":"2022-03-23T17:11:51","date_gmt":"2022-03-23T16:11:51","guid":{"rendered":"https:\/\/morivita.be\/non%20class\u00e9\/porte-fleurs-the-green-memory-2\/"},"modified":"2023-06-15T09:42:52","modified_gmt":"2023-06-15T07:42:52","slug":"porte-fleurs-the-green-memory","status":"publish","type":"product","link":"https:\/\/morivita.be\/fr\/produit\/porte-fleurs-the-green-memory\/","title":{"rendered":"Porte-Fleurs | The Green Memory"},"content":{"rendered":"<p><iframe title=\"YouTube video player\" src=\"https:\/\/www.youtube.com\/embed\/iHzPbLQLf0Y\" width=\"560\" height=\"315\" frameborder=\"0\" allowfullscreen=\"allowfullscreen\"><\/iframe><\/p>\n","protected":false},"excerpt":{"rendered":"<h3><strong>Porte Fleurs : &#8220;The Green Memory&#8221;<\/strong><\/h3>\n<h3><strong>Avantages:<\/strong><\/h3>\n<p><strong><img decoding=\"async\" class=\"size-full wp-image-7185 alignleft\" src=\"https:\/\/morivita.com\/wp-content\/uploads\/2022\/02\/remembrance.png\" alt=\"\" width=\"99\" height=\"92\">M\u00e9moire<\/strong><\/p>\n<p>Prendre soin des plantes aide \u00e0 garder la m\u00e9moire de votre bien-aim\u00e9 et est une fa\u00e7on d&#8217;honorer sa m\u00e9moire pendant et apr\u00e8s la c\u00e9r\u00e9monie d&#8217;adieu.<\/p>\n<p>&nbsp;<\/p>\n<p><strong><img decoding=\"async\" class=\"size-full wp-image-7186 alignleft\" src=\"https:\/\/morivita.com\/wp-content\/uploads\/2022\/02\/waste-free.png\" alt=\"\" width=\"99\" height=\"97\">Sans d\u00e9chets<\/strong><\/p>\n<p>Toutes les parties de la couronne peuvent \u00eatre r\u00e9utilis\u00e9es ou recycl\u00e9es. L&#8217;entreprise peut utiliser la base de l&#8217;anneau dans un autre service, tout en offrant \u00e0 la famille et aux amis un moyen naturel et durable de se souvenir de leurs proches sous la forme des bocaux qui composent la couronne.<\/p>\n<p><img decoding=\"async\" class=\"size-full wp-image-7184 alignleft\" src=\"https:\/\/morivita.com\/wp-content\/uploads\/2022\/02\/life.png\" alt=\"\" width=\"100\" height=\"96\"><\/p>\n<p><strong>Partager <\/strong><\/p>\n<p>La m\u00e9moire verte se compose de plantes vivantes, qui peuvent \u00eatre partag\u00e9es avec des \u00eatres chers comme une forme de m\u00e9moire.<\/p>\n<p>&nbsp;<\/p>\n<p><img loading=\"lazy\" decoding=\"async\" class=\"size-full wp-image-7183 alignleft\" src=\"https:\/\/morivita.com\/wp-content\/uploads\/2022\/02\/ecology.png\" alt=\"\" width=\"95\" height=\"99\"><\/p>\n<p><strong>Ec<\/strong><strong>ologie<\/strong><\/p>\n<p>Le concept des souvenirs verts est respectueux de l&#8217;environnement car la couronne de fleurs a un objectif durable et dure beaucoup plus longtemps que la c\u00e9r\u00e9monie d&#8217;adieu elle-m\u00eame.<\/p>\n","protected":false},"featured_media":7985,"template":"","meta":{"_acf_changed":false},"product_brand":[],"product_cat":[296,351,352,353],"product_tag":[],"class_list":{"0":"post-8013","1":"product","2":"type-product","3":"status-publish","4":"has-post-thumbnail","6":"product_cat-decoration-amenagement-funeraire","7":"product_cat-materiel-de-ceremonie","8":"product_cat-porte-fleurs","9":"product_cat-trepied-de-fleur","11":"first","12":"instock","13":"taxable","14":"shipping-taxable","15":"purchasable","16":"product-type-simple"},"acf":[],"_links":{"self":[{"href":"https:\/\/morivita.be\/fr\/wp-json\/wp\/v2\/product\/8013","targetHints":{"allow":["GET"]}}],"collection":[{"href":"https:\/\/morivita.be\/fr\/wp-json\/wp\/v2\/product"}],"about":[{"href":"https:\/\/morivita.be\/fr\/wp-json\/wp\/v2\/types\/product"}],"wp:featuredmedia":[{"embeddable":true,"href":"https:\/\/morivita.be\/fr\/wp-json\/wp\/v2\/media\/7985"}],"wp:attachment":[{"href":"https:\/\/morivita.be\/fr\/wp-json\/wp\/v2\/media?parent=8013"}],"wp:term":[{"taxonomy":"product_brand","embeddable":true,"href":"https:\/\/morivita.be\/fr\/wp-json\/wp\/v2\/product_brand?post=8013"},{"taxonomy":"product_cat","embeddable":true,"href":"https:\/\/morivita.be\/fr\/wp-json\/wp\/v2\/product_cat?post=8013"},{"taxonomy":"product_tag","embeddable":true,"href":"https:\/\/morivita.be\/fr\/wp-json\/wp\/v2\/product_tag?post=8013"}],"curies":[{"name":"wp","href":"https:\/\/api.w.org\/{rel}","templated":true}]}}