{"id":8064,"date":"2022-04-08T15:11:12","date_gmt":"2022-04-08T13:11:12","guid":{"rendered":"https:\/\/morivita.be\/?post_type=product&#038;p=8064"},"modified":"2023-06-15T09:41:00","modified_gmt":"2023-06-15T07:41:00","slug":"bio-urne-natuurlijke-urn-model-olea-biodegradable","status":"publish","type":"product","link":"https:\/\/morivita.be\/fr\/produit\/bio-urne-natuurlijke-urn-model-olea-biodegradable\/","title":{"rendered":"Bio Urne TERRE | OLEA | Jutte"},"content":{"rendered":"","protected":false},"excerpt":{"rendered":"<p><strong>Bio urn &#8220;Ol\u00e9a&#8221;<\/strong><\/p>\n<p>Ces urnes bio sont fabriqu\u00e9es \u00e0 la main en utilisant uniquement des mat\u00e9riaux naturels et biod\u00e9gradables, qui peuvent \u00eatre naturellement recycl\u00e9s dans le sol (montagnes, jardins, parcs, etc.). Elles sont fabriqu\u00e9es uniquement \u00e0 partir de noyaux d\u2019olive et de liants v\u00e9g\u00e9taux. Ces urnes bio existent en 3 tailles, 0,75L, 3L ou 4L.<\/p>\n<p>Les urnes en pierre d\u2019olivier se distinguent par leur l\u00e9g\u00e8ret\u00e9 et leur couleur v\u00e9g\u00e9tale vert olive. Une fois enfouis, ils se d\u00e9composent sans aucun impact sur l\u2019environnement. Vous pouvez planter un arbre \u00e0 c\u00f4t\u00e9 de l\u2019urne ou au-dessus pour vous souvenir de votre bien-aim\u00e9.<\/p>\n<p><strong>Une remise suppl\u00e9mentaire est accord\u00e9e lors de la commande de plusieurs urnes de notre gamme.<\/strong><\/p>\n<p><strong>A l\u2019achat \u00e0 partir de 6 urnes \u2013 5% de remise !<\/strong><br \/>\n<strong>A l\u2019achat \u00e0 partir de 20 urnes \u2013 10% de remise !<\/strong><\/p>\n","protected":false},"featured_media":8058,"template":"","meta":{"_acf_changed":false},"product_brand":[],"product_cat":[331,407,295,762],"product_tag":[],"class_list":{"0":"post-8064","1":"product","2":"type-product","3":"status-publish","4":"has-post-thumbnail","6":"product_cat-eco-fr","7":"product_cat-urne-bio","8":"product_cat-urnes-fr","9":"product_cat-urnes-a-sable","11":"first","12":"instock","13":"taxable","14":"shipping-taxable","15":"purchasable","16":"product-type-variable"},"acf":[],"_links":{"self":[{"href":"https:\/\/morivita.be\/fr\/wp-json\/wp\/v2\/product\/8064","targetHints":{"allow":["GET"]}}],"collection":[{"href":"https:\/\/morivita.be\/fr\/wp-json\/wp\/v2\/product"}],"about":[{"href":"https:\/\/morivita.be\/fr\/wp-json\/wp\/v2\/types\/product"}],"wp:featuredmedia":[{"embeddable":true,"href":"https:\/\/morivita.be\/fr\/wp-json\/wp\/v2\/media\/8058"}],"wp:attachment":[{"href":"https:\/\/morivita.be\/fr\/wp-json\/wp\/v2\/media?parent=8064"}],"wp:term":[{"taxonomy":"product_brand","embeddable":true,"href":"https:\/\/morivita.be\/fr\/wp-json\/wp\/v2\/product_brand?post=8064"},{"taxonomy":"product_cat","embeddable":true,"href":"https:\/\/morivita.be\/fr\/wp-json\/wp\/v2\/product_cat?post=8064"},{"taxonomy":"product_tag","embeddable":true,"href":"https:\/\/morivita.be\/fr\/wp-json\/wp\/v2\/product_tag?post=8064"}],"curies":[{"name":"wp","href":"https:\/\/api.w.org\/{rel}","templated":true}]}}