{"id":8127,"date":"2022-04-14T11:52:57","date_gmt":"2022-04-14T09:52:57","guid":{"rendered":"https:\/\/morivita.be\/?post_type=product&#038;p=8127"},"modified":"2023-01-23T16:51:28","modified_gmt":"2023-01-23T15:51:28","slug":"sac-a-ossements-noir","status":"publish","type":"product","link":"https:\/\/morivita.be\/fr\/produit\/sac-a-ossements-noir\/","title":{"rendered":"Sac \u00e0 Ossements | NOIR"},"content":{"rendered":"","protected":false},"excerpt":{"rendered":"<p>Sac \u00e0 Ossements Noir<\/p>\n<p>Utilis\u00e9s dans les communes et les collectivit\u00e9s, les sacs \u00e0 ossements sont pratiques pour rassembler l\u2019ossature d\u2019un d\u00e9funt.<\/p>\n<p>PVC<\/p>\n","protected":false},"featured_media":8078,"template":"","meta":{"_acf_changed":false},"product_brand":[],"product_cat":[256,329],"product_tag":[],"class_list":{"0":"post-8127","1":"product","2":"type-product","3":"status-publish","4":"has-post-thumbnail","6":"product_cat-gaines-densevelissement","7":"product_cat-gaines-densevelissement-speciales","9":"first","10":"instock","11":"taxable","12":"shipping-taxable","13":"purchasable","14":"product-type-simple"},"acf":[],"_links":{"self":[{"href":"https:\/\/morivita.be\/fr\/wp-json\/wp\/v2\/product\/8127","targetHints":{"allow":["GET"]}}],"collection":[{"href":"https:\/\/morivita.be\/fr\/wp-json\/wp\/v2\/product"}],"about":[{"href":"https:\/\/morivita.be\/fr\/wp-json\/wp\/v2\/types\/product"}],"wp:featuredmedia":[{"embeddable":true,"href":"https:\/\/morivita.be\/fr\/wp-json\/wp\/v2\/media\/8078"}],"wp:attachment":[{"href":"https:\/\/morivita.be\/fr\/wp-json\/wp\/v2\/media?parent=8127"}],"wp:term":[{"taxonomy":"product_brand","embeddable":true,"href":"https:\/\/morivita.be\/fr\/wp-json\/wp\/v2\/product_brand?post=8127"},{"taxonomy":"product_cat","embeddable":true,"href":"https:\/\/morivita.be\/fr\/wp-json\/wp\/v2\/product_cat?post=8127"},{"taxonomy":"product_tag","embeddable":true,"href":"https:\/\/morivita.be\/fr\/wp-json\/wp\/v2\/product_tag?post=8127"}],"curies":[{"name":"wp","href":"https:\/\/api.w.org\/{rel}","templated":true}]}}