{"id":8368,"date":"2022-05-18T15:31:22","date_gmt":"2022-05-18T13:31:22","guid":{"rendered":"https:\/\/morivita.be\/?post_type=product&#038;p=8368"},"modified":"2023-06-15T09:38:17","modified_gmt":"2023-06-15T07:38:17","slug":"gaines-d-ensevelissement-bio-tirette-i-bio-link","status":"publish","type":"product","link":"https:\/\/morivita.be\/fr\/produit\/gaines-d-ensevelissement-bio-tirette-i-bio-link\/","title":{"rendered":"Gaines d\u2019ensevelissement BIO | Tirette I | BIO-LINK"},"content":{"rendered":"","protected":false},"excerpt":{"rendered":"<p>La gaine bio avec I-Zipper est biod\u00e9gradable.<\/p>\n<p>Les housses sont fabriqu\u00e9s \u00e0 partir d&#8217;un mat\u00e9riau biod\u00e9gradable tr\u00e8s doux.<\/p>\n<p>Cette gaines BIO a une sensation tr\u00e8s diff\u00e9rente de celle des housses standard, ils sont beaucoup plus lisses et plus doux.<\/p>\n<p>Qualifications :<\/p>\n<ul>\n<li><strong>Journaux officiels ( Etat Fran\u00e7ais) quant \u00e0 la biod\u00e9gradabilit\u00e9 du Plastylon Link (9 Mars 1989)<\/strong><\/li>\n<li><strong>Certificat &#8220;Minist\u00e8re de la sant\u00e9 et de la protection Sociale&#8221; &#8211; 03\/05\/2004<\/strong><\/li>\n<\/ul>\n<p>&nbsp;<\/p>\n<p>&nbsp;<\/p>\n<p>&nbsp;<\/p>\n","protected":false},"featured_media":3430,"template":"","meta":{"_acf_changed":false},"product_brand":[],"product_cat":[343,331,256,329],"product_tag":[],"class_list":{"0":"post-8368","1":"product","2":"type-product","3":"status-publish","4":"has-post-thumbnail","6":"product_cat-bio-fr","7":"product_cat-eco-fr","8":"product_cat-gaines-densevelissement","9":"product_cat-gaines-densevelissement-speciales","11":"first","12":"instock","13":"taxable","14":"shipping-taxable","15":"purchasable","16":"product-type-simple"},"acf":[],"_links":{"self":[{"href":"https:\/\/morivita.be\/fr\/wp-json\/wp\/v2\/product\/8368","targetHints":{"allow":["GET"]}}],"collection":[{"href":"https:\/\/morivita.be\/fr\/wp-json\/wp\/v2\/product"}],"about":[{"href":"https:\/\/morivita.be\/fr\/wp-json\/wp\/v2\/types\/product"}],"wp:featuredmedia":[{"embeddable":true,"href":"https:\/\/morivita.be\/fr\/wp-json\/wp\/v2\/media\/3430"}],"wp:attachment":[{"href":"https:\/\/morivita.be\/fr\/wp-json\/wp\/v2\/media?parent=8368"}],"wp:term":[{"taxonomy":"product_brand","embeddable":true,"href":"https:\/\/morivita.be\/fr\/wp-json\/wp\/v2\/product_brand?post=8368"},{"taxonomy":"product_cat","embeddable":true,"href":"https:\/\/morivita.be\/fr\/wp-json\/wp\/v2\/product_cat?post=8368"},{"taxonomy":"product_tag","embeddable":true,"href":"https:\/\/morivita.be\/fr\/wp-json\/wp\/v2\/product_tag?post=8368"}],"curies":[{"name":"wp","href":"https:\/\/api.w.org\/{rel}","templated":true}]}}