{"id":8486,"date":"2022-06-07T09:34:01","date_gmt":"2022-06-07T07:34:01","guid":{"rendered":"https:\/\/morivita.be\/?post_type=product&#038;p=8486"},"modified":"2024-02-12T13:12:32","modified_gmt":"2024-02-12T12:12:32","slug":"brancard-civiere-stretcher-body-bag-titanus-brancard","status":"publish","type":"product","link":"https:\/\/morivita.be\/fr\/produit\/brancard-civiere-stretcher-body-bag-titanus-brancard\/","title":{"rendered":"Brancard TITANUS 4R avec civi\u00e8re et Body Bag"},"content":{"rendered":"<p><iframe title=\"YouTube video player\" src=\"https:\/\/www.youtube.com\/embed\/34t3fJfwjIw\" width=\"560\" height=\"315\" frameborder=\"0\" allowfullscreen=\"allowfullscreen\"><\/iframe><\/p>\n","protected":false},"excerpt":{"rendered":"<p><em><strong>Brancard de qualit\u00e9 sup\u00e9rieure!<\/strong><\/em><\/p>\n<p>Titanus se pr\u00e9sente comme la solution id\u00e9ale entre les brancards et les chariots autochargeurs \u00e0 hauteur variable pour ambulances.<\/p>\n<p>Le syst\u00e8me d\u2019ancrage du brancard au chariot Titanus a \u00e9t\u00e9 test\u00e9 et certifi\u00e9 UNI EN 1789. La hauteur variable, ainsi que l\u2019abaissement des jambes pour le chargement et le d\u00e9chargement, est g\u00e9r\u00e9e par un syst\u00e8me \u00e0 2 pistons avec glissement m\u00e9canique sur chaque axe . Les grandes roues de 200 mm et la configuration particuli\u00e8re des pieds conf\u00e8rent au chariot TITANUS stabilit\u00e9, maniabilit\u00e9 et ergonomie d\u2019utilisation.<br \/>\nCette version dispose de 4 roues pivotantes et vous permet de charger des ambulances avec une hauteur accrue sur les sols.<\/p>\n<p>Ce brancard est avec civi\u00e8re et body-bag.<\/p>\n","protected":false},"featured_media":8478,"template":"","meta":{"_acf_changed":false},"product_brand":[],"product_cat":[280,395,397,398,742],"product_tag":[],"class_list":{"0":"post-8486","1":"product","2":"type-product","3":"status-publish","4":"has-post-thumbnail","6":"product_cat-transport-fr","7":"product_cat-brancard-fr","8":"product_cat-brancard-normal","9":"product_cat-chariot-de-brancard","10":"product_cat-civiere-fr","12":"first","13":"instock","14":"taxable","15":"shipping-taxable","16":"product-type-grouped"},"acf":[],"_links":{"self":[{"href":"https:\/\/morivita.be\/fr\/wp-json\/wp\/v2\/product\/8486","targetHints":{"allow":["GET"]}}],"collection":[{"href":"https:\/\/morivita.be\/fr\/wp-json\/wp\/v2\/product"}],"about":[{"href":"https:\/\/morivita.be\/fr\/wp-json\/wp\/v2\/types\/product"}],"wp:featuredmedia":[{"embeddable":true,"href":"https:\/\/morivita.be\/fr\/wp-json\/wp\/v2\/media\/8478"}],"wp:attachment":[{"href":"https:\/\/morivita.be\/fr\/wp-json\/wp\/v2\/media?parent=8486"}],"wp:term":[{"taxonomy":"product_brand","embeddable":true,"href":"https:\/\/morivita.be\/fr\/wp-json\/wp\/v2\/product_brand?post=8486"},{"taxonomy":"product_cat","embeddable":true,"href":"https:\/\/morivita.be\/fr\/wp-json\/wp\/v2\/product_cat?post=8486"},{"taxonomy":"product_tag","embeddable":true,"href":"https:\/\/morivita.be\/fr\/wp-json\/wp\/v2\/product_tag?post=8486"}],"curies":[{"name":"wp","href":"https:\/\/api.w.org\/{rel}","templated":true}]}}