{"id":8574,"date":"2022-06-20T13:54:02","date_gmt":"2022-06-20T11:54:02","guid":{"rendered":"https:\/\/morivita.be\/?post_type=product&#038;p=8574"},"modified":"2023-05-22T15:47:26","modified_gmt":"2023-05-22T13:47:26","slug":"housse-de-transport-de-corps-avec-poignees-fermeture-u-document-pochette","status":"publish","type":"product","link":"https:\/\/morivita.be\/fr\/produit\/housse-de-transport-de-corps-avec-poignees-fermeture-u-document-pochette\/","title":{"rendered":"Housse de Transport de Corps avec Poign\u00e9es | Fermeture U | DOCUMENT POCHETTE 20&#215;30 cm"},"content":{"rendered":"","protected":false},"excerpt":{"rendered":"<p>Cette housse sp\u00e9cial est con\u00e7u pour d\u00e9placer des personnes plus lourdes ou des personnes d\u00e9c\u00e9d\u00e9es suite \u00e0 un accident majeur.<\/p>\n<p>La housse mortuaire est fait d\u2019un mat\u00e9riau beaucoup plus robuste pour \u00e9viter les d\u00e9chirures et est \u00e9quip\u00e9 de 6 poign\u00e9es pour un transport facile.<\/p>\n<p>Ce sac mortuaire en PVC a une pochette pour garder les documents avec le corps.<\/p>\n","protected":false},"featured_media":8576,"template":"","meta":{"_acf_changed":false},"product_brand":[],"product_cat":[256,329],"product_tag":[],"class_list":{"0":"post-8574","1":"product","2":"type-product","3":"status-publish","4":"has-post-thumbnail","6":"product_cat-gaines-densevelissement","7":"product_cat-gaines-densevelissement-speciales","9":"first","10":"instock","11":"taxable","12":"shipping-taxable","13":"purchasable","14":"product-type-simple"},"acf":[],"_links":{"self":[{"href":"https:\/\/morivita.be\/fr\/wp-json\/wp\/v2\/product\/8574","targetHints":{"allow":["GET"]}}],"collection":[{"href":"https:\/\/morivita.be\/fr\/wp-json\/wp\/v2\/product"}],"about":[{"href":"https:\/\/morivita.be\/fr\/wp-json\/wp\/v2\/types\/product"}],"wp:featuredmedia":[{"embeddable":true,"href":"https:\/\/morivita.be\/fr\/wp-json\/wp\/v2\/media\/8576"}],"wp:attachment":[{"href":"https:\/\/morivita.be\/fr\/wp-json\/wp\/v2\/media?parent=8574"}],"wp:term":[{"taxonomy":"product_brand","embeddable":true,"href":"https:\/\/morivita.be\/fr\/wp-json\/wp\/v2\/product_brand?post=8574"},{"taxonomy":"product_cat","embeddable":true,"href":"https:\/\/morivita.be\/fr\/wp-json\/wp\/v2\/product_cat?post=8574"},{"taxonomy":"product_tag","embeddable":true,"href":"https:\/\/morivita.be\/fr\/wp-json\/wp\/v2\/product_tag?post=8574"}],"curies":[{"name":"wp","href":"https:\/\/api.w.org\/{rel}","templated":true}]}}