{"id":8596,"date":"2022-06-24T12:54:24","date_gmt":"2022-06-24T10:54:24","guid":{"rendered":"https:\/\/morivita.be\/non%20class\u00e9\/bande-de-fleur-ecologique-votre-adieu-personnel\/"},"modified":"2024-02-11T20:18:16","modified_gmt":"2024-02-11T19:18:16","slug":"eco-bande-de-fleurs-flowerband-votre-adieu-personnel","status":"publish","type":"product","link":"https:\/\/morivita.be\/fr\/produit\/eco-bande-de-fleurs-flowerband-votre-adieu-personnel\/","title":{"rendered":"Bande de Fleurs Ecologique | Votre adieu personnel"},"content":{"rendered":"<p><iframe title=\"Bloemenband strikinstructie\" width=\"800\" height=\"450\" src=\"https:\/\/www.youtube.com\/embed\/5mLsfdh3CtQ?feature=oembed\" frameborder=\"0\" allow=\"accelerometer; autoplay; clipboard-write; encrypted-media; gyroscope; picture-in-picture; web-share\" allowfullscreen><\/iframe><\/p>\n","protected":false},"excerpt":{"rendered":"<p><em><strong>La bande de fleurs Eco donne un sens \u00e0 un adieu personnel.<\/strong><\/em><\/p>\n<p><strong><em>Possibilit\u00e9s<\/em><\/strong><br \/>\n\u2022 La bande de fleurs Eco peut \u00eatre appliqu\u00e9e autour d&#8217;un cercueil ouvert ou ferm\u00e9<br \/>\n\u2022 Convient \u00e0 la fois aux enterrements (naturels) et aux cr\u00e9mations<br \/>\n\u2022 Remplissez la bande de fleurs Eco dans le style et avec des fleurs qui correspondent au go\u00fbt du d\u00e9funt<br \/>\n\u2022 Convient pour le rituel d&#8217;adieu : les invit\u00e9s peuvent mettre leur propre fleur dans le groupe de fleurs Eco<\/p>\n<p><strong><em>\u00c9cologique<\/em><\/strong><br \/>\n\u2022 Fabriqu\u00e9 en 100% coton naturel, ou en toile de jute naturel<br \/>\n\u2022 Plus besoin de mousse florale<br \/>\n\u2022 Enti\u00e8rement d\u00e9gradable!<\/p>\n<p><strong><em>Les particularit\u00e9s<\/em><\/strong><br \/>\n\u2022 Espace jusqu\u2019\u00e0 180 fleurs<br \/>\n\u2022 La bande de fleurs Eco est attach\u00e9e \u00e0 la taille \u00e0 l&#8217;arri\u00e8re (c\u00f4t\u00e9 t\u00eate du cercueil) et s&#8217;adapte donc \u00e0 tous les cercueils fun\u00e9raires standard<\/p>\n<p>&nbsp;<\/p>\n<p><strong>En raison de son succ\u00e8s, nous avons \u00e9largi la gamme de Bande De Fleurs et elle est d\u00e9sormais disponible en coton et en toile de jute! Nous le proposons \u00e9galement en diff\u00e9rentes tailles! <\/strong><\/p>\n","protected":false},"featured_media":9617,"template":"","meta":{"_acf_changed":false},"product_brand":[],"product_cat":[753,296,331,351,352],"product_tag":[],"class_list":{"0":"post-8596","1":"product","2":"type-product","3":"status-publish","4":"has-post-thumbnail","6":"product_cat-nouveau-bande-de-fleurs-eco","7":"product_cat-decoration-amenagement-funeraire","8":"product_cat-eco-fr","9":"product_cat-materiel-de-ceremonie","10":"product_cat-porte-fleurs","12":"first","13":"instock","14":"taxable","15":"shipping-taxable","16":"purchasable","17":"product-type-variable"},"acf":[],"_links":{"self":[{"href":"https:\/\/morivita.be\/fr\/wp-json\/wp\/v2\/product\/8596","targetHints":{"allow":["GET"]}}],"collection":[{"href":"https:\/\/morivita.be\/fr\/wp-json\/wp\/v2\/product"}],"about":[{"href":"https:\/\/morivita.be\/fr\/wp-json\/wp\/v2\/types\/product"}],"wp:featuredmedia":[{"embeddable":true,"href":"https:\/\/morivita.be\/fr\/wp-json\/wp\/v2\/media\/9617"}],"wp:attachment":[{"href":"https:\/\/morivita.be\/fr\/wp-json\/wp\/v2\/media?parent=8596"}],"wp:term":[{"taxonomy":"product_brand","embeddable":true,"href":"https:\/\/morivita.be\/fr\/wp-json\/wp\/v2\/product_brand?post=8596"},{"taxonomy":"product_cat","embeddable":true,"href":"https:\/\/morivita.be\/fr\/wp-json\/wp\/v2\/product_cat?post=8596"},{"taxonomy":"product_tag","embeddable":true,"href":"https:\/\/morivita.be\/fr\/wp-json\/wp\/v2\/product_tag?post=8596"}],"curies":[{"name":"wp","href":"https:\/\/api.w.org\/{rel}","templated":true}]}}