{"id":8615,"date":"2022-02-08T11:10:25","date_gmt":"2022-02-08T10:10:25","guid":{"rendered":"https:\/\/morivita.be\/non class\u00e9\/couverture-bebe-ours-souple\/"},"modified":"2022-02-08T11:10:25","modified_gmt":"2022-02-08T10:10:25","slug":"ours-couverture-pour-bebe-revetement-doux","status":"publish","type":"product","link":"https:\/\/morivita.be\/fr\/produit\/ours-couverture-pour-bebe-revetement-doux\/","title":{"rendered":"Couverture b\u00e9b\u00e9 | Ours | Souple"},"content":{"rendered":"","protected":false},"excerpt":{"rendered":"<p>Couverture b\u00e9b\u00e9 personnalis\u00e9e.<\/p>\n<p>Pour plus d&#8217;informations sur ce produit, veuillez nous contacter.<\/p>\n","protected":false},"featured_media":7944,"template":"","meta":{"_acf_changed":false},"product_brand":[],"product_cat":[258,257,722],"product_tag":[],"class_list":{"0":"post-8615","1":"product","2":"type-product","3":"status-publish","4":"has-post-thumbnail","6":"product_cat-bebes-et-enfants","7":"product_cat-capitonnage","8":"product_cat-ourse","10":"first","11":"instock","12":"taxable","13":"shipping-taxable","14":"purchasable","15":"product-type-simple"},"acf":[],"_links":{"self":[{"href":"https:\/\/morivita.be\/fr\/wp-json\/wp\/v2\/product\/8615","targetHints":{"allow":["GET"]}}],"collection":[{"href":"https:\/\/morivita.be\/fr\/wp-json\/wp\/v2\/product"}],"about":[{"href":"https:\/\/morivita.be\/fr\/wp-json\/wp\/v2\/types\/product"}],"wp:featuredmedia":[{"embeddable":true,"href":"https:\/\/morivita.be\/fr\/wp-json\/wp\/v2\/media\/7944"}],"wp:attachment":[{"href":"https:\/\/morivita.be\/fr\/wp-json\/wp\/v2\/media?parent=8615"}],"wp:term":[{"taxonomy":"product_brand","embeddable":true,"href":"https:\/\/morivita.be\/fr\/wp-json\/wp\/v2\/product_brand?post=8615"},{"taxonomy":"product_cat","embeddable":true,"href":"https:\/\/morivita.be\/fr\/wp-json\/wp\/v2\/product_cat?post=8615"},{"taxonomy":"product_tag","embeddable":true,"href":"https:\/\/morivita.be\/fr\/wp-json\/wp\/v2\/product_tag?post=8615"}],"curies":[{"name":"wp","href":"https:\/\/api.w.org\/{rel}","templated":true}]}}