{"id":8620,"date":"2022-03-21T20:57:01","date_gmt":"2022-03-21T19:57:01","guid":{"rendered":"https:\/\/morivita.be\/non%20class\u00e9\/brancard-base-titanus-4-roues-pivotantes-2\/"},"modified":"2023-06-15T09:46:23","modified_gmt":"2023-06-15T07:46:23","slug":"brancard-base-titanus-4-roues-pivotantes","status":"publish","type":"product","link":"https:\/\/morivita.be\/fr\/produit\/brancard-base-titanus-4-roues-pivotantes\/","title":{"rendered":"Brancard | Base Titanus Brancard | 4R"},"content":{"rendered":"<p><iframe width=\"560\" height=\"315\" src=\"https:\/\/www.youtube.com\/embed\/34t3fJfwjIw\" title=\"YouTube video player\" frameborder=\"0\" allow=\"accelerometer; autoplay; clipboard-write; encrypted-media; gyroscope; picture-in-picture; web-share\" allowfullscreen=\"\"><\/iframe><\/p>\n","protected":false},"excerpt":{"rendered":"<p><em><strong>Un brancard de qualit\u00e9 TOP<\/strong><\/em><\/p>\n<p>Titanus se pr\u00e9sente comme la solution id\u00e9ale entre les brancards et les chariots autochargeurs \u00e0 hauteur variable pour ambulances.<\/p>\n<p>Le syst\u00e8me d\u2019ancrage du brancard au chariot Titanus a \u00e9t\u00e9 test\u00e9 et certifi\u00e9 UNI EN 1789. La hauteur variable, ainsi que l\u2019abaissement des jambes pour le chargement et le d\u00e9chargement, est g\u00e9r\u00e9e par un syst\u00e8me \u00e0 2 pistons avec glissement m\u00e9canique sur chaque axe .<\/p>\n<p>Les grandes roues de 200 mm et la configuration particuli\u00e8re des pieds conf\u00e8rent au chariot TITANUS stabilit\u00e9, maniabilit\u00e9 et ergonomie d\u2019utilisation.<\/p>\n<p>Cette version dispose de 4 roues pivotantes et vous permet de charger des ambulances avec une hauteur accrue sur les sols.<\/p>\n","protected":false},"featured_media":7969,"template":"","meta":{"_acf_changed":false},"product_brand":[],"product_cat":[395,397,398],"product_tag":[],"class_list":{"0":"post-8620","1":"product","2":"type-product","3":"status-publish","4":"has-post-thumbnail","6":"product_cat-brancard-fr","7":"product_cat-brancard-normal","8":"product_cat-chariot-de-brancard","10":"first","11":"instock","12":"taxable","13":"shipping-taxable","14":"purchasable","15":"product-type-simple"},"acf":[],"_links":{"self":[{"href":"https:\/\/morivita.be\/fr\/wp-json\/wp\/v2\/product\/8620","targetHints":{"allow":["GET"]}}],"collection":[{"href":"https:\/\/morivita.be\/fr\/wp-json\/wp\/v2\/product"}],"about":[{"href":"https:\/\/morivita.be\/fr\/wp-json\/wp\/v2\/types\/product"}],"wp:featuredmedia":[{"embeddable":true,"href":"https:\/\/morivita.be\/fr\/wp-json\/wp\/v2\/media\/7969"}],"wp:attachment":[{"href":"https:\/\/morivita.be\/fr\/wp-json\/wp\/v2\/media?parent=8620"}],"wp:term":[{"taxonomy":"product_brand","embeddable":true,"href":"https:\/\/morivita.be\/fr\/wp-json\/wp\/v2\/product_brand?post=8620"},{"taxonomy":"product_cat","embeddable":true,"href":"https:\/\/morivita.be\/fr\/wp-json\/wp\/v2\/product_cat?post=8620"},{"taxonomy":"product_tag","embeddable":true,"href":"https:\/\/morivita.be\/fr\/wp-json\/wp\/v2\/product_tag?post=8620"}],"curies":[{"name":"wp","href":"https:\/\/api.w.org\/{rel}","templated":true}]}}