{"id":8662,"date":"2022-10-17T11:03:51","date_gmt":"2022-10-17T09:03:51","guid":{"rendered":"https:\/\/morivita.be\/?post_type=product&#038;p=8662"},"modified":"2022-12-08T15:21:50","modified_gmt":"2022-12-08T14:21:50","slug":"aluminium-schaarwagen-spencer-handgrepen-horizontaal-en-verticaal-wielen-125mm-chariot-porte-cercueils-aluminium-spencer-poignees-verticale-et-horizontale-roues-125mm","status":"publish","type":"product","link":"https:\/\/morivita.be\/fr\/produit\/aluminium-schaarwagen-spencer-handgrepen-horizontaal-en-verticaal-wielen-125mm-chariot-porte-cercueils-aluminium-spencer-poignees-verticale-et-horizontale-roues-125mm\/","title":{"rendered":"CHARIOT PORTE CERCUEIL | 125mm Roues | SPENCER | Poign\u00e9es Horizontales et Verticales"},"content":{"rendered":"","protected":false},"excerpt":{"rendered":"<p>Ce chariot porte cercueils avec roues de 125 mm peut \u00eatre utilis\u00e9 aussi bien \u00e0 l&#8217;int\u00e9rieur qu&#8217;\u00e0 l&#8217;ext\u00e9rieur.<\/p>\n<p>Les poign\u00e9es horizontales sont extra longues pour plus de confort et sont horizontales. Tr\u00e8s pratique pour transporter le cerceuil.<\/p>\n<p>L\u2019utilisation d\u2019aluminium de haute qualit\u00e9 maintient le chariot \u00e0 ciseaux l\u00e9ger et durable.<\/p>\n","protected":false},"featured_media":8664,"template":"","meta":{"_acf_changed":false},"product_brand":[],"product_cat":[280,401,284,404],"product_tag":[],"class_list":{"0":"post-8662","1":"product","2":"type-product","3":"status-publish","4":"has-post-thumbnail","6":"product_cat-transport-fr","7":"product_cat-chariot-pour-cercueils","8":"product_cat-chariots-porte-cercueils-extensibles","9":"product_cat-poignees-horizontales","11":"first","12":"instock","13":"taxable","14":"shipping-taxable","15":"purchasable","16":"product-type-simple"},"acf":[],"_links":{"self":[{"href":"https:\/\/morivita.be\/fr\/wp-json\/wp\/v2\/product\/8662","targetHints":{"allow":["GET"]}}],"collection":[{"href":"https:\/\/morivita.be\/fr\/wp-json\/wp\/v2\/product"}],"about":[{"href":"https:\/\/morivita.be\/fr\/wp-json\/wp\/v2\/types\/product"}],"wp:featuredmedia":[{"embeddable":true,"href":"https:\/\/morivita.be\/fr\/wp-json\/wp\/v2\/media\/8664"}],"wp:attachment":[{"href":"https:\/\/morivita.be\/fr\/wp-json\/wp\/v2\/media?parent=8662"}],"wp:term":[{"taxonomy":"product_brand","embeddable":true,"href":"https:\/\/morivita.be\/fr\/wp-json\/wp\/v2\/product_brand?post=8662"},{"taxonomy":"product_cat","embeddable":true,"href":"https:\/\/morivita.be\/fr\/wp-json\/wp\/v2\/product_cat?post=8662"},{"taxonomy":"product_tag","embeddable":true,"href":"https:\/\/morivita.be\/fr\/wp-json\/wp\/v2\/product_tag?post=8662"}],"curies":[{"name":"wp","href":"https:\/\/api.w.org\/{rel}","templated":true}]}}